{"id":812,"date":"2025-08-13T19:25:05","date_gmt":"2025-08-13T19:25:05","guid":{"rendered":"https:\/\/latinhg.com\/?post_type=product&#038;p=812"},"modified":"2025-09-26T05:27:57","modified_gmt":"2025-09-26T05:27:57","slug":"rexoneye","status":"publish","type":"product","link":"https:\/\/latinhg.com\/es\/product\/rexoneye\/","title":{"rendered":"Rexoneye"},"content":{"rendered":"<p>Rexon-Eye es un dispositivo no invasivo que trata la causa de la enfermedad del ojo seco, proporcionando resultados a largo plazo para todas las formas de ojo seco. Funciona aplicando una corriente el\u00e9ctrica de alta frecuencia y baja potencia, capaz de estimular el metabolis-mo y la regeneraci\u00f3n natural de las c\u00e9lulas. Esta es una tecnolog\u00eda recomendada y reconocida en todo el mundo por oftalm\u00f3logos y optometristas.<\/p>\n","protected":false},"excerpt":{"rendered":"<p>Rexon-Eye es un dispositivo no invasivo que trata la causa de la enfermedad del ojo seco, proporcionando resultados a largo plazo para todas las formas de ojo seco. Funciona aplicando una corriente el\u00e9ctrica de alta frecuencia y baja potencia, capaz de estimular el metabolis-mo y la regeneraci\u00f3n natural de las c\u00e9lulas. Esta es una tecnolog\u00eda recomendada y reconocida en todo el mundo por oftalm\u00f3logos y optometristas.<\/p>\n","protected":false},"featured_media":814,"template":"","meta":{"_acf_changed":false,"inline_featured_image":false},"pwb-brand":[],"product_brand":[73],"product_cat":[62,97],"product_tag":[],"class_list":{"0":"post-812","1":"product","2":"type-product","3":"status-publish","4":"has-post-thumbnail","6":"product_brand-rexoneye","7":"product_cat-oftalmologia","8":"product_cat-rexoneye","10":"first","11":"instock","12":"shipping-taxable","13":"product-type-simple"},"acf":[],"brands":[],"_links":{"self":[{"href":"https:\/\/latinhg.com\/es\/wp-json\/wp\/v2\/product\/812","targetHints":{"allow":["GET"]}}],"collection":[{"href":"https:\/\/latinhg.com\/es\/wp-json\/wp\/v2\/product"}],"about":[{"href":"https:\/\/latinhg.com\/es\/wp-json\/wp\/v2\/types\/product"}],"wp:featuredmedia":[{"embeddable":true,"href":"https:\/\/latinhg.com\/es\/wp-json\/wp\/v2\/media\/814"}],"wp:attachment":[{"href":"https:\/\/latinhg.com\/es\/wp-json\/wp\/v2\/media?parent=812"}],"wp:term":[{"taxonomy":"pwb-brand","embeddable":true,"href":"https:\/\/latinhg.com\/es\/wp-json\/wp\/v2\/pwb-brand?post=812"},{"taxonomy":"product_brand","embeddable":true,"href":"https:\/\/latinhg.com\/es\/wp-json\/wp\/v2\/product_brand?post=812"},{"taxonomy":"product_cat","embeddable":true,"href":"https:\/\/latinhg.com\/es\/wp-json\/wp\/v2\/product_cat?post=812"},{"taxonomy":"product_tag","embeddable":true,"href":"https:\/\/latinhg.com\/es\/wp-json\/wp\/v2\/product_tag?post=812"}],"curies":[{"name":"wp","href":"https:\/\/api.w.org\/{rel}","templated":true}]}}