{"id":809,"date":"2025-08-13T19:19:50","date_gmt":"2025-08-13T19:19:50","guid":{"rendered":"https:\/\/latinhg.com\/?post_type=product&#038;p=809"},"modified":"2025-09-26T05:02:17","modified_gmt":"2025-09-26T05:02:17","slug":"batas-para-cirujanos","status":"publish","type":"product","link":"https:\/\/latinhg.com\/es\/product\/batas-para-cirujanos\/","title":{"rendered":"Batas para cirujanos"},"content":{"rendered":"<p>Bata de cirujano, est\u00e9ril, dise\u00f1ada con polipropileno de 3 capas (SMS) que cumple las normas de nivel de protecci\u00f3n AAMI 3, mangas tipo raglan para mayor movimiento, cuello redondo y ajustable con velcro.<\/p>\n","protected":false},"excerpt":{"rendered":"<p>Bata de cirujano, est\u00e9ril, dise\u00f1ada con polipropileno de 3 capas (SMS) que cumple las normas de nivel de protecci\u00f3n AAMI 3, mangas tipo raglan para mayor movimiento, cuello redondo y ajustable con velcro.<\/p>\n","protected":false},"featured_media":811,"template":"","meta":{"_acf_changed":false,"inline_featured_image":false},"pwb-brand":[],"product_brand":[59],"product_cat":[90,62],"product_tag":[],"class_list":{"0":"post-809","1":"product","2":"type-product","3":"status-publish","4":"has-post-thumbnail","6":"product_brand-halyard","7":"product_cat-halyard","8":"product_cat-oftalmologia","10":"first","11":"instock","12":"shipping-taxable","13":"product-type-simple"},"acf":[],"brands":[],"_links":{"self":[{"href":"https:\/\/latinhg.com\/es\/wp-json\/wp\/v2\/product\/809","targetHints":{"allow":["GET"]}}],"collection":[{"href":"https:\/\/latinhg.com\/es\/wp-json\/wp\/v2\/product"}],"about":[{"href":"https:\/\/latinhg.com\/es\/wp-json\/wp\/v2\/types\/product"}],"wp:featuredmedia":[{"embeddable":true,"href":"https:\/\/latinhg.com\/es\/wp-json\/wp\/v2\/media\/811"}],"wp:attachment":[{"href":"https:\/\/latinhg.com\/es\/wp-json\/wp\/v2\/media?parent=809"}],"wp:term":[{"taxonomy":"pwb-brand","embeddable":true,"href":"https:\/\/latinhg.com\/es\/wp-json\/wp\/v2\/pwb-brand?post=809"},{"taxonomy":"product_brand","embeddable":true,"href":"https:\/\/latinhg.com\/es\/wp-json\/wp\/v2\/product_brand?post=809"},{"taxonomy":"product_cat","embeddable":true,"href":"https:\/\/latinhg.com\/es\/wp-json\/wp\/v2\/product_cat?post=809"},{"taxonomy":"product_tag","embeddable":true,"href":"https:\/\/latinhg.com\/es\/wp-json\/wp\/v2\/product_tag?post=809"}],"curies":[{"name":"wp","href":"https:\/\/api.w.org\/{rel}","templated":true}]}}