{"id":803,"date":"2025-08-13T19:13:49","date_gmt":"2025-08-13T19:13:49","guid":{"rendered":"https:\/\/latinhg.com\/?post_type=product&#038;p=803"},"modified":"2025-09-26T05:02:18","modified_gmt":"2025-09-26T05:02:18","slug":"paquetes-campos-quirurgicos-ojos-y-otorrinolaringologia-2","status":"publish","type":"product","link":"https:\/\/latinhg.com\/es\/product\/paquetes-campos-quirurgicos-ojos-y-otorrinolaringologia-2\/","title":{"rendered":"Paquetes Campos Quir\u00fargicos Ojos y Otorrinolaringolog\u00eda"},"content":{"rendered":"<p>Disponible para la gama completa de cirug\u00eda por encima de los hombros. Halyard Health tiene sistemas de drapeado flexibles que ofrecen un mejor control de fluidos y una mayor comodidad para el paciente en cirug\u00edas oft\u00e1lmicas, neurol\u00f3gicas y de otro tipo que involucran la cabeza y el cuello.<br \/>\nLas cortinas Halyard Health est\u00e1n dise\u00f1adas para brindarle a usted y a sus pacientes una preocupaci\u00f3n menos.<br \/>\nIncluyen las siguientes caracter\u00edsticas:<\/p>\n<p>Clasificaci\u00f3n m\u00e1xima de resistencia a la llama.<\/p>\n<p>Generaci\u00f3n de baja pelusa para reducir el riesgo de transmisi\u00f3n bacteriana en el aire.<\/p>\n<p>Campos oculares dise\u00f1ados con una exclusiva bolsa de contenci\u00f3n de fluidos en forma de U que ayuda a reducir la exposici\u00f3n durante la facoemulsificaci\u00f3n y otros procedimientos intensivos en fluidos y puede usarse para el ojo izquierdo o derecho.<\/p>\n<p>Las ofertas de productos incluyen incisi\u00f3n completa o fenestrada.<\/p>\n","protected":false},"excerpt":{"rendered":"<p>Disponible para la gama completa de cirug\u00eda por encima de los hombros. Halyard Health tiene sistemas de drapeado flexibles que ofrecen un mejor control de fluidos y una mayor comodidad para el paciente en cirug\u00edas oft\u00e1lmicas, neurol\u00f3gicas y de otro tipo que involucran la cabeza y el cuello.<br \/>\nLas cortinas Halyard Health est\u00e1n dise\u00f1adas para brindarle a usted y a sus pacientes una preocupaci\u00f3n menos.<br \/>\nIncluyen las siguientes caracter\u00edsticas:<\/p>\n<p>Clasificaci\u00f3n m\u00e1xima de resistencia a la llama.<\/p>\n<p>Generaci\u00f3n de baja pelusa para reducir el riesgo de transmisi\u00f3n bacteriana en el aire.<\/p>\n<p>Campos oculares dise\u00f1ados con una exclusiva bolsa de contenci\u00f3n de fluidos en forma de U que ayuda a reducir la exposici\u00f3n durante la facoemulsificaci\u00f3n y otros procedimientos intensivos en fluidos y puede usarse para el ojo izquierdo o derecho.<\/p>\n<p>Las ofertas de productos incluyen incisi\u00f3n completa o fenestrada.<\/p>\n","protected":false},"featured_media":805,"template":"","meta":{"_acf_changed":false,"inline_featured_image":false},"pwb-brand":[],"product_brand":[59],"product_cat":[90,62],"product_tag":[],"class_list":{"0":"post-803","1":"product","2":"type-product","3":"status-publish","4":"has-post-thumbnail","6":"product_brand-halyard","7":"product_cat-halyard","8":"product_cat-oftalmologia","10":"first","11":"instock","12":"shipping-taxable","13":"product-type-simple"},"acf":[],"brands":[],"_links":{"self":[{"href":"https:\/\/latinhg.com\/es\/wp-json\/wp\/v2\/product\/803","targetHints":{"allow":["GET"]}}],"collection":[{"href":"https:\/\/latinhg.com\/es\/wp-json\/wp\/v2\/product"}],"about":[{"href":"https:\/\/latinhg.com\/es\/wp-json\/wp\/v2\/types\/product"}],"wp:featuredmedia":[{"embeddable":true,"href":"https:\/\/latinhg.com\/es\/wp-json\/wp\/v2\/media\/805"}],"wp:attachment":[{"href":"https:\/\/latinhg.com\/es\/wp-json\/wp\/v2\/media?parent=803"}],"wp:term":[{"taxonomy":"pwb-brand","embeddable":true,"href":"https:\/\/latinhg.com\/es\/wp-json\/wp\/v2\/pwb-brand?post=803"},{"taxonomy":"product_brand","embeddable":true,"href":"https:\/\/latinhg.com\/es\/wp-json\/wp\/v2\/product_brand?post=803"},{"taxonomy":"product_cat","embeddable":true,"href":"https:\/\/latinhg.com\/es\/wp-json\/wp\/v2\/product_cat?post=803"},{"taxonomy":"product_tag","embeddable":true,"href":"https:\/\/latinhg.com\/es\/wp-json\/wp\/v2\/product_tag?post=803"}],"curies":[{"name":"wp","href":"https:\/\/api.w.org\/{rel}","templated":true}]}}