{"id":800,"date":"2025-08-13T19:10:18","date_gmt":"2025-08-13T19:10:18","guid":{"rendered":"https:\/\/latinhg.com\/?post_type=product&#038;p=800"},"modified":"2025-09-26T04:49:27","modified_gmt":"2025-09-26T04:49:27","slug":"ajl-bbg-solucion-oftalmologica","status":"publish","type":"product","link":"https:\/\/latinhg.com\/es\/product\/ajl-bbg-solucion-oftalmologica\/","title":{"rendered":"AJL BBG Soluci\u00f3n Oftalmol\u00f3gica"},"content":{"rendered":"<p>AJL BBG 0,025% es una soluci\u00f3n oftalmol\u00f3gica est\u00e9ril de azul brillante G, no pir\u00f3gena, isot\u00f3nica y lista para usar en la cirug\u00eda vitreoretinal. La soluci\u00f3n BBG es capaz de te\u00f1ir eficazmente la membrana limitante interna (MLI).<\/p>\n","protected":false},"excerpt":{"rendered":"<p>AJL BBG 0,025% es una soluci\u00f3n oftalmol\u00f3gica est\u00e9ril de azul brillante G, no pir\u00f3gena, isot\u00f3nica y lista para usar en la cirug\u00eda vitreoretinal. La soluci\u00f3n BBG es capaz de te\u00f1ir eficazmente la membrana limitante interna (MLI).<\/p>\n","protected":false},"featured_media":802,"template":"","meta":{"_acf_changed":false,"inline_featured_image":false},"pwb-brand":[],"product_brand":[80],"product_cat":[85,62],"product_tag":[],"class_list":{"0":"post-800","1":"product","2":"type-product","3":"status-publish","4":"has-post-thumbnail","6":"product_brand-ajl","7":"product_cat-ajl","8":"product_cat-oftalmologia","10":"first","11":"instock","12":"shipping-taxable","13":"product-type-simple"},"acf":[],"brands":[],"_links":{"self":[{"href":"https:\/\/latinhg.com\/es\/wp-json\/wp\/v2\/product\/800","targetHints":{"allow":["GET"]}}],"collection":[{"href":"https:\/\/latinhg.com\/es\/wp-json\/wp\/v2\/product"}],"about":[{"href":"https:\/\/latinhg.com\/es\/wp-json\/wp\/v2\/types\/product"}],"wp:featuredmedia":[{"embeddable":true,"href":"https:\/\/latinhg.com\/es\/wp-json\/wp\/v2\/media\/802"}],"wp:attachment":[{"href":"https:\/\/latinhg.com\/es\/wp-json\/wp\/v2\/media?parent=800"}],"wp:term":[{"taxonomy":"pwb-brand","embeddable":true,"href":"https:\/\/latinhg.com\/es\/wp-json\/wp\/v2\/pwb-brand?post=800"},{"taxonomy":"product_brand","embeddable":true,"href":"https:\/\/latinhg.com\/es\/wp-json\/wp\/v2\/product_brand?post=800"},{"taxonomy":"product_cat","embeddable":true,"href":"https:\/\/latinhg.com\/es\/wp-json\/wp\/v2\/product_cat?post=800"},{"taxonomy":"product_tag","embeddable":true,"href":"https:\/\/latinhg.com\/es\/wp-json\/wp\/v2\/product_tag?post=800"}],"curies":[{"name":"wp","href":"https:\/\/api.w.org\/{rel}","templated":true}]}}