{"id":794,"date":"2025-08-13T19:05:00","date_gmt":"2025-08-13T19:05:00","guid":{"rendered":"https:\/\/latinhg.com\/?post_type=product&#038;p=794"},"modified":"2025-09-26T04:49:28","modified_gmt":"2025-09-26T04:49:28","slug":"bomba-de-vacio-kv2000","status":"publish","type":"product","link":"https:\/\/latinhg.com\/es\/product\/bomba-de-vacio-kv2000\/","title":{"rendered":"Bomba de Vac\u00edo KV2000"},"content":{"rendered":"<p>Dispositivo m\u00e9dico dise\u00f1ado para estabilizar la cornea y facilitar la creaci\u00f3n de t\u00faneles corneales durante la cirug\u00eda de implantaci\u00f3n de anillos intracorneales.<\/p>\n","protected":false},"excerpt":{"rendered":"<p>Dispositivo m\u00e9dico dise\u00f1ado para estabilizar la cornea y facilitar la creaci\u00f3n de t\u00faneles corneales durante la cirug\u00eda de implantaci\u00f3n de anillos intracorneales.<\/p>\n","protected":false},"featured_media":796,"template":"","meta":{"_acf_changed":false,"inline_featured_image":false},"pwb-brand":[],"product_brand":[80],"product_cat":[85,62],"product_tag":[],"class_list":{"0":"post-794","1":"product","2":"type-product","3":"status-publish","4":"has-post-thumbnail","6":"product_brand-ajl","7":"product_cat-ajl","8":"product_cat-oftalmologia","10":"first","11":"instock","12":"shipping-taxable","13":"product-type-simple"},"acf":[],"brands":[],"_links":{"self":[{"href":"https:\/\/latinhg.com\/es\/wp-json\/wp\/v2\/product\/794","targetHints":{"allow":["GET"]}}],"collection":[{"href":"https:\/\/latinhg.com\/es\/wp-json\/wp\/v2\/product"}],"about":[{"href":"https:\/\/latinhg.com\/es\/wp-json\/wp\/v2\/types\/product"}],"wp:featuredmedia":[{"embeddable":true,"href":"https:\/\/latinhg.com\/es\/wp-json\/wp\/v2\/media\/796"}],"wp:attachment":[{"href":"https:\/\/latinhg.com\/es\/wp-json\/wp\/v2\/media?parent=794"}],"wp:term":[{"taxonomy":"pwb-brand","embeddable":true,"href":"https:\/\/latinhg.com\/es\/wp-json\/wp\/v2\/pwb-brand?post=794"},{"taxonomy":"product_brand","embeddable":true,"href":"https:\/\/latinhg.com\/es\/wp-json\/wp\/v2\/product_brand?post=794"},{"taxonomy":"product_cat","embeddable":true,"href":"https:\/\/latinhg.com\/es\/wp-json\/wp\/v2\/product_cat?post=794"},{"taxonomy":"product_tag","embeddable":true,"href":"https:\/\/latinhg.com\/es\/wp-json\/wp\/v2\/product_tag?post=794"}],"curies":[{"name":"wp","href":"https:\/\/api.w.org\/{rel}","templated":true}]}}