{"id":788,"date":"2025-08-13T17:49:07","date_gmt":"2025-08-13T17:49:07","guid":{"rendered":"https:\/\/latinhg.com\/?post_type=product&#038;p=788"},"modified":"2025-09-26T04:49:28","modified_gmt":"2025-09-26T04:49:28","slug":"ajl-pro-anillos-corneales-intraestromales-asimetricos","status":"publish","type":"product","link":"https:\/\/latinhg.com\/es\/product\/ajl-pro-anillos-corneales-intraestromales-asimetricos\/","title":{"rendered":"AJL Pro+ Anillos Corneales Intraestromales Asim\u00e9tricos"},"content":{"rendered":"<p>El anillo AJL pro+, ofrece un dise\u00f1o asim\u00e9trico en espesor y anchura de base, permitiendo al cirujano la elecci\u00f3n del anillo m\u00e1s id\u00f3neo para cada paciente en funci\u00f3n de los valores de queratometr\u00eda del paciente y de la zona donde vaya a ser implantado el anillo.<\/p>\n","protected":false},"excerpt":{"rendered":"<p>El anillo AJL pro+, ofrece un dise\u00f1o asim\u00e9trico en espesor y anchura de base, permitiendo al cirujano la elecci\u00f3n del anillo m\u00e1s id\u00f3neo para cada paciente en funci\u00f3n de los valores de queratometr\u00eda del paciente y de la zona donde vaya a ser implantado el anillo.<\/p>\n","protected":false},"featured_media":790,"template":"","meta":{"_acf_changed":false,"inline_featured_image":false},"pwb-brand":[],"product_brand":[80],"product_cat":[85,62],"product_tag":[],"class_list":{"0":"post-788","1":"product","2":"type-product","3":"status-publish","4":"has-post-thumbnail","6":"product_brand-ajl","7":"product_cat-ajl","8":"product_cat-oftalmologia","10":"first","11":"instock","12":"shipping-taxable","13":"product-type-simple"},"acf":[],"brands":[],"_links":{"self":[{"href":"https:\/\/latinhg.com\/es\/wp-json\/wp\/v2\/product\/788","targetHints":{"allow":["GET"]}}],"collection":[{"href":"https:\/\/latinhg.com\/es\/wp-json\/wp\/v2\/product"}],"about":[{"href":"https:\/\/latinhg.com\/es\/wp-json\/wp\/v2\/types\/product"}],"wp:featuredmedia":[{"embeddable":true,"href":"https:\/\/latinhg.com\/es\/wp-json\/wp\/v2\/media\/790"}],"wp:attachment":[{"href":"https:\/\/latinhg.com\/es\/wp-json\/wp\/v2\/media?parent=788"}],"wp:term":[{"taxonomy":"pwb-brand","embeddable":true,"href":"https:\/\/latinhg.com\/es\/wp-json\/wp\/v2\/pwb-brand?post=788"},{"taxonomy":"product_brand","embeddable":true,"href":"https:\/\/latinhg.com\/es\/wp-json\/wp\/v2\/product_brand?post=788"},{"taxonomy":"product_cat","embeddable":true,"href":"https:\/\/latinhg.com\/es\/wp-json\/wp\/v2\/product_cat?post=788"},{"taxonomy":"product_tag","embeddable":true,"href":"https:\/\/latinhg.com\/es\/wp-json\/wp\/v2\/product_tag?post=788"}],"curies":[{"name":"wp","href":"https:\/\/api.w.org\/{rel}","templated":true}]}}