{"id":775,"date":"2025-08-13T17:35:56","date_gmt":"2025-08-13T17:35:56","guid":{"rendered":"https:\/\/latinhg.com\/?post_type=product&#038;p=775"},"modified":"2025-09-26T04:49:29","modified_gmt":"2025-09-26T04:49:29","slug":"esnoper-clip-implante-de-glaucoma","status":"publish","type":"product","link":"https:\/\/latinhg.com\/es\/product\/esnoper-clip-implante-de-glaucoma\/","title":{"rendered":"Esnoper Clip Implante de Glaucoma"},"content":{"rendered":"<p>El implante uveoescleral ESNOPER CLIP est\u00e1 indicado en el procedimiento de esclerectom\u00eda profunda no perforante (EPNP) en cirug\u00edas de glaucoma de \u00e1ngulo abierto.<\/p>\n","protected":false},"excerpt":{"rendered":"<p>El implante uveoescleral ESNOPER CLIP est\u00e1 indicado en el procedimiento de esclerectom\u00eda profunda no perforante (EPNP) en cirug\u00edas de glaucoma de \u00e1ngulo abierto.<\/p>\n","protected":false},"featured_media":777,"template":"","meta":{"_acf_changed":false,"inline_featured_image":false},"pwb-brand":[],"product_brand":[80],"product_cat":[85,62],"product_tag":[],"class_list":{"0":"post-775","1":"product","2":"type-product","3":"status-publish","4":"has-post-thumbnail","6":"product_brand-ajl","7":"product_cat-ajl","8":"product_cat-oftalmologia","10":"first","11":"instock","12":"shipping-taxable","13":"product-type-simple"},"acf":[],"brands":[],"_links":{"self":[{"href":"https:\/\/latinhg.com\/es\/wp-json\/wp\/v2\/product\/775","targetHints":{"allow":["GET"]}}],"collection":[{"href":"https:\/\/latinhg.com\/es\/wp-json\/wp\/v2\/product"}],"about":[{"href":"https:\/\/latinhg.com\/es\/wp-json\/wp\/v2\/types\/product"}],"wp:featuredmedia":[{"embeddable":true,"href":"https:\/\/latinhg.com\/es\/wp-json\/wp\/v2\/media\/777"}],"wp:attachment":[{"href":"https:\/\/latinhg.com\/es\/wp-json\/wp\/v2\/media?parent=775"}],"wp:term":[{"taxonomy":"pwb-brand","embeddable":true,"href":"https:\/\/latinhg.com\/es\/wp-json\/wp\/v2\/pwb-brand?post=775"},{"taxonomy":"product_brand","embeddable":true,"href":"https:\/\/latinhg.com\/es\/wp-json\/wp\/v2\/product_brand?post=775"},{"taxonomy":"product_cat","embeddable":true,"href":"https:\/\/latinhg.com\/es\/wp-json\/wp\/v2\/product_cat?post=775"},{"taxonomy":"product_tag","embeddable":true,"href":"https:\/\/latinhg.com\/es\/wp-json\/wp\/v2\/product_tag?post=775"}],"curies":[{"name":"wp","href":"https:\/\/api.w.org\/{rel}","templated":true}]}}