{"id":772,"date":"2025-08-13T17:32:41","date_gmt":"2025-08-13T17:32:41","guid":{"rendered":"https:\/\/latinhg.com\/?post_type=product&#038;p=772"},"modified":"2025-09-26T04:49:29","modified_gmt":"2025-09-26T04:49:29","slug":"solucion-oftalmologica-blue","status":"publish","type":"product","link":"https:\/\/latinhg.com\/es\/product\/solucion-oftalmologica-blue\/","title":{"rendered":"Soluci\u00f3n Oftalmol\u00f3gica Blue"},"content":{"rendered":"<p>AJL BLUE 0.06% es una soluci\u00f3n oftalmol\u00f3gica est\u00e9ril de azul tripano, intraocular y biocompatible utilizada en cirug\u00eda oftalmol\u00f3gica del segmento anterior. Este colorante oftalmol\u00f3gico se emplea como coadyuvante en la capsulorrexis y minimiza el riesgo de desgarro en ojos con cataratas maduras, pobre reflejo de fondo de ojo o pupilas estrechas.<\/p>\n","protected":false},"excerpt":{"rendered":"<p>AJL BLUE 0.06% es una soluci\u00f3n oftalmol\u00f3gica est\u00e9ril de azul tripano, intraocular y biocompatible utilizada en cirug\u00eda oftalmol\u00f3gica del segmento anterior. Este colorante oftalmol\u00f3gico se emplea como coadyuvante en la capsulorrexis y minimiza el riesgo de desgarro en ojos con cataratas maduras, pobre reflejo de fondo de ojo o pupilas estrechas.<\/p>\n","protected":false},"featured_media":774,"template":"","meta":{"_acf_changed":false,"inline_featured_image":false},"pwb-brand":[],"product_brand":[80],"product_cat":[85,62],"product_tag":[],"class_list":{"0":"post-772","1":"product","2":"type-product","3":"status-publish","4":"has-post-thumbnail","6":"product_brand-ajl","7":"product_cat-ajl","8":"product_cat-oftalmologia","10":"first","11":"instock","12":"shipping-taxable","13":"product-type-simple"},"acf":[],"brands":[],"_links":{"self":[{"href":"https:\/\/latinhg.com\/es\/wp-json\/wp\/v2\/product\/772","targetHints":{"allow":["GET"]}}],"collection":[{"href":"https:\/\/latinhg.com\/es\/wp-json\/wp\/v2\/product"}],"about":[{"href":"https:\/\/latinhg.com\/es\/wp-json\/wp\/v2\/types\/product"}],"wp:featuredmedia":[{"embeddable":true,"href":"https:\/\/latinhg.com\/es\/wp-json\/wp\/v2\/media\/774"}],"wp:attachment":[{"href":"https:\/\/latinhg.com\/es\/wp-json\/wp\/v2\/media?parent=772"}],"wp:term":[{"taxonomy":"pwb-brand","embeddable":true,"href":"https:\/\/latinhg.com\/es\/wp-json\/wp\/v2\/pwb-brand?post=772"},{"taxonomy":"product_brand","embeddable":true,"href":"https:\/\/latinhg.com\/es\/wp-json\/wp\/v2\/product_brand?post=772"},{"taxonomy":"product_cat","embeddable":true,"href":"https:\/\/latinhg.com\/es\/wp-json\/wp\/v2\/product_cat?post=772"},{"taxonomy":"product_tag","embeddable":true,"href":"https:\/\/latinhg.com\/es\/wp-json\/wp\/v2\/product_tag?post=772"}],"curies":[{"name":"wp","href":"https:\/\/api.w.org\/{rel}","templated":true}]}}