{"id":769,"date":"2025-08-13T17:28:12","date_gmt":"2025-08-13T17:28:12","guid":{"rendered":"https:\/\/latinhg.com\/?post_type=product&#038;p=769"},"modified":"2025-09-26T04:49:30","modified_gmt":"2025-09-26T04:49:30","slug":"soluciones-viscoelasticas","status":"publish","type":"product","link":"https:\/\/latinhg.com\/es\/product\/soluciones-viscoelasticas\/","title":{"rendered":"Soluciones Viscoel\u00e1sticas"},"content":{"rendered":"<p>AJL CELL 2% est\u00e1 indicado como coadyuvante en los procedimientos quir\u00fargicos del segmento anterior del ojo, incluyendo la cirug\u00eda de cataratas, proporcionando una alta protecci\u00f3n de los tejidos evitando, a su vez, los riesgos de traumatismos del endotelio corneal y de los dem\u00e1s tejidos oculares.<\/p>\n","protected":false},"excerpt":{"rendered":"<p>AJL CELL 2% est\u00e1 indicado como coadyuvante en los procedimientos quir\u00fargicos del segmento anterior del ojo, incluyendo la cirug\u00eda de cataratas, proporcionando una alta protecci\u00f3n de los tejidos evitando, a su vez, los riesgos de traumatismos del endotelio corneal y de los dem\u00e1s tejidos oculares.<\/p>\n","protected":false},"featured_media":771,"template":"","meta":{"_acf_changed":false,"inline_featured_image":false},"pwb-brand":[],"product_brand":[80],"product_cat":[85,62],"product_tag":[],"class_list":{"0":"post-769","1":"product","2":"type-product","3":"status-publish","4":"has-post-thumbnail","6":"product_brand-ajl","7":"product_cat-ajl","8":"product_cat-oftalmologia","10":"first","11":"instock","12":"shipping-taxable","13":"product-type-simple"},"acf":[],"brands":[],"_links":{"self":[{"href":"https:\/\/latinhg.com\/es\/wp-json\/wp\/v2\/product\/769","targetHints":{"allow":["GET"]}}],"collection":[{"href":"https:\/\/latinhg.com\/es\/wp-json\/wp\/v2\/product"}],"about":[{"href":"https:\/\/latinhg.com\/es\/wp-json\/wp\/v2\/types\/product"}],"wp:featuredmedia":[{"embeddable":true,"href":"https:\/\/latinhg.com\/es\/wp-json\/wp\/v2\/media\/771"}],"wp:attachment":[{"href":"https:\/\/latinhg.com\/es\/wp-json\/wp\/v2\/media?parent=769"}],"wp:term":[{"taxonomy":"pwb-brand","embeddable":true,"href":"https:\/\/latinhg.com\/es\/wp-json\/wp\/v2\/pwb-brand?post=769"},{"taxonomy":"product_brand","embeddable":true,"href":"https:\/\/latinhg.com\/es\/wp-json\/wp\/v2\/product_brand?post=769"},{"taxonomy":"product_cat","embeddable":true,"href":"https:\/\/latinhg.com\/es\/wp-json\/wp\/v2\/product_cat?post=769"},{"taxonomy":"product_tag","embeddable":true,"href":"https:\/\/latinhg.com\/es\/wp-json\/wp\/v2\/product_tag?post=769"}],"curies":[{"name":"wp","href":"https:\/\/api.w.org\/{rel}","templated":true}]}}