{"id":766,"date":"2025-08-13T16:38:16","date_gmt":"2025-08-13T16:38:16","guid":{"rendered":"https:\/\/latinhg.com\/?post_type=product&#038;p=766"},"modified":"2025-09-26T04:49:30","modified_gmt":"2025-09-26T04:49:30","slug":"implantes-palpebrales-de-oro-platino","status":"publish","type":"product","link":"https:\/\/latinhg.com\/es\/product\/implantes-palpebrales-de-oro-platino\/","title":{"rendered":"Implantes Palpebrales de Oro \u2013 Platino"},"content":{"rendered":"<p>Dise\u00f1o de pesas de platino como implantes palpebrales dise\u00f1adas para el tratamiento de los defectos funcionales de lagoftalmos. Dise\u00f1o de pesas de oro para sustituir en posici\u00f3n ortost\u00e1tica la funci\u00f3n del orbicular paralizado.<\/p>\n","protected":false},"excerpt":{"rendered":"<p>Dise\u00f1o de pesas de platino como implantes palpebrales dise\u00f1adas para el tratamiento de los defectos funcionales de lagoftalmos. Dise\u00f1o de pesas de oro para sustituir en posici\u00f3n ortost\u00e1tica la funci\u00f3n del orbicular paralizado.<\/p>\n","protected":false},"featured_media":768,"template":"","meta":{"_acf_changed":false,"inline_featured_image":false},"pwb-brand":[],"product_brand":[80],"product_cat":[85,62],"product_tag":[],"class_list":{"0":"post-766","1":"product","2":"type-product","3":"status-publish","4":"has-post-thumbnail","6":"product_brand-ajl","7":"product_cat-ajl","8":"product_cat-oftalmologia","10":"first","11":"instock","12":"shipping-taxable","13":"product-type-simple"},"acf":[],"brands":[],"_links":{"self":[{"href":"https:\/\/latinhg.com\/es\/wp-json\/wp\/v2\/product\/766","targetHints":{"allow":["GET"]}}],"collection":[{"href":"https:\/\/latinhg.com\/es\/wp-json\/wp\/v2\/product"}],"about":[{"href":"https:\/\/latinhg.com\/es\/wp-json\/wp\/v2\/types\/product"}],"wp:featuredmedia":[{"embeddable":true,"href":"https:\/\/latinhg.com\/es\/wp-json\/wp\/v2\/media\/768"}],"wp:attachment":[{"href":"https:\/\/latinhg.com\/es\/wp-json\/wp\/v2\/media?parent=766"}],"wp:term":[{"taxonomy":"pwb-brand","embeddable":true,"href":"https:\/\/latinhg.com\/es\/wp-json\/wp\/v2\/pwb-brand?post=766"},{"taxonomy":"product_brand","embeddable":true,"href":"https:\/\/latinhg.com\/es\/wp-json\/wp\/v2\/product_brand?post=766"},{"taxonomy":"product_cat","embeddable":true,"href":"https:\/\/latinhg.com\/es\/wp-json\/wp\/v2\/product_cat?post=766"},{"taxonomy":"product_tag","embeddable":true,"href":"https:\/\/latinhg.com\/es\/wp-json\/wp\/v2\/product_tag?post=766"}],"curies":[{"name":"wp","href":"https:\/\/api.w.org\/{rel}","templated":true}]}}