{"id":752,"date":"2025-08-12T04:06:55","date_gmt":"2025-08-12T04:06:55","guid":{"rendered":"https:\/\/latinhg.com\/?post_type=product&#038;p=752"},"modified":"2025-09-26T04:49:31","modified_gmt":"2025-09-26T04:49:31","slug":"anillo-de-simblefaron","status":"publish","type":"product","link":"https:\/\/latinhg.com\/es\/product\/anillo-de-simblefaron\/","title":{"rendered":"Anillo de Simbl\u00e9faron"},"content":{"rendered":"<p>Para tratar la adhesi\u00f3n total o parcial entre la cara interna del p\u00e1rpado y el globo ocular como consecuencia de alg\u00fan proceso que produce una cicatriz, por ejemplo inflamaci\u00f3n cr\u00f3nica de los parpados (blefaritis), traumatismos sobre el ojo, quemaduras t\u00e9rmicas o qu\u00edmicas de la conjuntiva, infecciones como el tracoma o intervenciones quir\u00fargicas sobre el ojo.<\/p>\n","protected":false},"excerpt":{"rendered":"<p>Para tratar la adhesi\u00f3n total o parcial entre la cara interna del p\u00e1rpado y el globo ocular como consecuencia de alg\u00fan proceso que produce una cicatriz, por ejemplo inflamaci\u00f3n cr\u00f3nica de los parpados (blefaritis), traumatismos sobre el ojo, quemaduras t\u00e9rmicas o qu\u00edmicas de la conjuntiva, infecciones como el tracoma o intervenciones quir\u00fargicas sobre el ojo.<\/p>\n","protected":false},"featured_media":754,"template":"","meta":{"_acf_changed":false,"inline_featured_image":false},"pwb-brand":[],"product_brand":[80],"product_cat":[85,62],"product_tag":[],"class_list":{"0":"post-752","1":"product","2":"type-product","3":"status-publish","4":"has-post-thumbnail","6":"product_brand-ajl","7":"product_cat-ajl","8":"product_cat-oftalmologia","10":"first","11":"instock","12":"shipping-taxable","13":"product-type-simple"},"acf":[],"brands":[],"_links":{"self":[{"href":"https:\/\/latinhg.com\/es\/wp-json\/wp\/v2\/product\/752","targetHints":{"allow":["GET"]}}],"collection":[{"href":"https:\/\/latinhg.com\/es\/wp-json\/wp\/v2\/product"}],"about":[{"href":"https:\/\/latinhg.com\/es\/wp-json\/wp\/v2\/types\/product"}],"wp:featuredmedia":[{"embeddable":true,"href":"https:\/\/latinhg.com\/es\/wp-json\/wp\/v2\/media\/754"}],"wp:attachment":[{"href":"https:\/\/latinhg.com\/es\/wp-json\/wp\/v2\/media?parent=752"}],"wp:term":[{"taxonomy":"pwb-brand","embeddable":true,"href":"https:\/\/latinhg.com\/es\/wp-json\/wp\/v2\/pwb-brand?post=752"},{"taxonomy":"product_brand","embeddable":true,"href":"https:\/\/latinhg.com\/es\/wp-json\/wp\/v2\/product_brand?post=752"},{"taxonomy":"product_cat","embeddable":true,"href":"https:\/\/latinhg.com\/es\/wp-json\/wp\/v2\/product_cat?post=752"},{"taxonomy":"product_tag","embeddable":true,"href":"https:\/\/latinhg.com\/es\/wp-json\/wp\/v2\/product_tag?post=752"}],"curies":[{"name":"wp","href":"https:\/\/api.w.org\/{rel}","templated":true}]}}