{"id":748,"date":"2025-08-12T03:59:36","date_gmt":"2025-08-12T03:59:36","guid":{"rendered":"https:\/\/latinhg.com\/?post_type=product&#038;p=748"},"modified":"2025-09-26T04:49:31","modified_gmt":"2025-09-26T04:49:31","slug":"anillos-de-ferrara-ferrararings","status":"publish","type":"product","link":"https:\/\/latinhg.com\/es\/product\/anillos-de-ferrara-ferrararings\/","title":{"rendered":"Anillos de Ferrara (Ferrara Rings)"},"content":{"rendered":"<p>El Anillo de Ferrara es un dispositivo m\u00e9dico de implante en el estroma corneal buscando la regularizaci\u00f3n de las deformaciones corneales causadas por patolog\u00edas del tejido y la correcci\u00f3n de errores de refracci\u00f3n asociados.<\/p>\n","protected":false},"excerpt":{"rendered":"<p>El Anillo de Ferrara es un dispositivo m\u00e9dico de implante en el estroma corneal buscando la regularizaci\u00f3n de las deformaciones corneales causadas por patolog\u00edas del tejido y la correcci\u00f3n de errores de refracci\u00f3n asociados.<\/p>\n","protected":false},"featured_media":750,"template":"","meta":{"_acf_changed":false,"inline_featured_image":false},"pwb-brand":[],"product_brand":[80],"product_cat":[85,62],"product_tag":[],"class_list":{"0":"post-748","1":"product","2":"type-product","3":"status-publish","4":"has-post-thumbnail","6":"product_brand-ajl","7":"product_cat-ajl","8":"product_cat-oftalmologia","10":"first","11":"instock","12":"shipping-taxable","13":"product-type-simple"},"acf":[],"brands":[],"_links":{"self":[{"href":"https:\/\/latinhg.com\/es\/wp-json\/wp\/v2\/product\/748","targetHints":{"allow":["GET"]}}],"collection":[{"href":"https:\/\/latinhg.com\/es\/wp-json\/wp\/v2\/product"}],"about":[{"href":"https:\/\/latinhg.com\/es\/wp-json\/wp\/v2\/types\/product"}],"wp:featuredmedia":[{"embeddable":true,"href":"https:\/\/latinhg.com\/es\/wp-json\/wp\/v2\/media\/750"}],"wp:attachment":[{"href":"https:\/\/latinhg.com\/es\/wp-json\/wp\/v2\/media?parent=748"}],"wp:term":[{"taxonomy":"pwb-brand","embeddable":true,"href":"https:\/\/latinhg.com\/es\/wp-json\/wp\/v2\/pwb-brand?post=748"},{"taxonomy":"product_brand","embeddable":true,"href":"https:\/\/latinhg.com\/es\/wp-json\/wp\/v2\/product_brand?post=748"},{"taxonomy":"product_cat","embeddable":true,"href":"https:\/\/latinhg.com\/es\/wp-json\/wp\/v2\/product_cat?post=748"},{"taxonomy":"product_tag","embeddable":true,"href":"https:\/\/latinhg.com\/es\/wp-json\/wp\/v2\/product_tag?post=748"}],"curies":[{"name":"wp","href":"https:\/\/api.w.org\/{rel}","templated":true}]}}