{"id":741,"date":"2025-08-12T03:40:38","date_gmt":"2025-08-12T03:40:38","guid":{"rendered":"https:\/\/latinhg.com\/?post_type=product&#038;p=741"},"modified":"2025-09-26T04:49:32","modified_gmt":"2025-09-26T04:49:32","slug":"anillos-canabrava-canabrava-rings","status":"publish","type":"product","link":"https:\/\/latinhg.com\/es\/product\/anillos-canabrava-canabrava-rings\/","title":{"rendered":"Anillos Canabrava (Canabrava Rings)"},"content":{"rendered":"<p>El anillo extensor del iris Canabrava Ring es un anillo semicircular dise\u00f1ado para dilatar y sujetar temporalmente el iris de forma segura para facilitar el campo de visi\u00f3n del cirujano y mejorar el acceso al cristalino en las cirug\u00edas oftalmol\u00f3gicas.<\/p>\n","protected":false},"excerpt":{"rendered":"<p>El anillo extensor del iris Canabrava Ring es un anillo semicircular dise\u00f1ado para dilatar y sujetar temporalmente el iris de forma segura para facilitar el campo de visi\u00f3n del cirujano y mejorar el acceso al cristalino en las cirug\u00edas oftalmol\u00f3gicas.<\/p>\n","protected":false},"featured_media":747,"template":"","meta":{"_acf_changed":false,"inline_featured_image":false},"pwb-brand":[],"product_brand":[80],"product_cat":[85,62],"product_tag":[],"class_list":{"0":"post-741","1":"product","2":"type-product","3":"status-publish","4":"has-post-thumbnail","6":"product_brand-ajl","7":"product_cat-ajl","8":"product_cat-oftalmologia","10":"first","11":"instock","12":"shipping-taxable","13":"product-type-simple"},"acf":[],"brands":[],"_links":{"self":[{"href":"https:\/\/latinhg.com\/es\/wp-json\/wp\/v2\/product\/741","targetHints":{"allow":["GET"]}}],"collection":[{"href":"https:\/\/latinhg.com\/es\/wp-json\/wp\/v2\/product"}],"about":[{"href":"https:\/\/latinhg.com\/es\/wp-json\/wp\/v2\/types\/product"}],"wp:featuredmedia":[{"embeddable":true,"href":"https:\/\/latinhg.com\/es\/wp-json\/wp\/v2\/media\/747"}],"wp:attachment":[{"href":"https:\/\/latinhg.com\/es\/wp-json\/wp\/v2\/media?parent=741"}],"wp:term":[{"taxonomy":"pwb-brand","embeddable":true,"href":"https:\/\/latinhg.com\/es\/wp-json\/wp\/v2\/pwb-brand?post=741"},{"taxonomy":"product_brand","embeddable":true,"href":"https:\/\/latinhg.com\/es\/wp-json\/wp\/v2\/product_brand?post=741"},{"taxonomy":"product_cat","embeddable":true,"href":"https:\/\/latinhg.com\/es\/wp-json\/wp\/v2\/product_cat?post=741"},{"taxonomy":"product_tag","embeddable":true,"href":"https:\/\/latinhg.com\/es\/wp-json\/wp\/v2\/product_tag?post=741"}],"curies":[{"name":"wp","href":"https:\/\/api.w.org\/{rel}","templated":true}]}}