{"id":737,"date":"2025-08-12T03:37:13","date_gmt":"2025-08-12T03:37:13","guid":{"rendered":"https:\/\/latinhg.com\/?post_type=product&#038;p=737"},"modified":"2025-09-26T05:03:50","modified_gmt":"2025-09-26T05:03:50","slug":"lentes-monofocales","status":"publish","type":"product","link":"https:\/\/latinhg.com\/es\/product\/lentes-monofocales\/","title":{"rendered":"Lentes Monofocales"},"content":{"rendered":"<p>SeeLensAF es un lente asf\u00e9rico, el dise\u00f1o \u00f3ptico est\u00e1 orientado a minimizar todas las aberraciones, incluyendo la aberraci\u00f3n esf\u00e9rica de la c\u00f3rnea y maximizar la funci\u00f3n de modulaci\u00f3n de transferencia del lente intraocular.<br \/>\nSeeLensAF mejora la visi\u00f3n funcional, proporciona una excelente calidad de visi\u00f3n en condiciones diurnas y nocturnas.<\/p>\n","protected":false},"excerpt":{"rendered":"<p>SeeLensAF es un lente asf\u00e9rico, el dise\u00f1o \u00f3ptico est\u00e1 orientado a minimizar todas las aberraciones, incluyendo la aberraci\u00f3n esf\u00e9rica de la c\u00f3rnea y maximizar la funci\u00f3n de modulaci\u00f3n de transferencia del lente intraocular.<br \/>\nSeeLensAF mejora la visi\u00f3n funcional, proporciona una excelente calidad de visi\u00f3n en condiciones diurnas y nocturnas.<\/p>\n","protected":false},"featured_media":739,"template":"","meta":{"_acf_changed":false,"inline_featured_image":false},"pwb-brand":[],"product_brand":[66],"product_cat":[92,62],"product_tag":[],"class_list":{"0":"post-737","1":"product","2":"type-product","3":"status-publish","4":"has-post-thumbnail","6":"product_brand-hanita-lenses","7":"product_cat-hanita-lenses","8":"product_cat-oftalmologia","10":"first","11":"instock","12":"shipping-taxable","13":"product-type-simple"},"acf":[],"brands":[],"_links":{"self":[{"href":"https:\/\/latinhg.com\/es\/wp-json\/wp\/v2\/product\/737","targetHints":{"allow":["GET"]}}],"collection":[{"href":"https:\/\/latinhg.com\/es\/wp-json\/wp\/v2\/product"}],"about":[{"href":"https:\/\/latinhg.com\/es\/wp-json\/wp\/v2\/types\/product"}],"wp:featuredmedia":[{"embeddable":true,"href":"https:\/\/latinhg.com\/es\/wp-json\/wp\/v2\/media\/739"}],"wp:attachment":[{"href":"https:\/\/latinhg.com\/es\/wp-json\/wp\/v2\/media?parent=737"}],"wp:term":[{"taxonomy":"pwb-brand","embeddable":true,"href":"https:\/\/latinhg.com\/es\/wp-json\/wp\/v2\/pwb-brand?post=737"},{"taxonomy":"product_brand","embeddable":true,"href":"https:\/\/latinhg.com\/es\/wp-json\/wp\/v2\/product_brand?post=737"},{"taxonomy":"product_cat","embeddable":true,"href":"https:\/\/latinhg.com\/es\/wp-json\/wp\/v2\/product_cat?post=737"},{"taxonomy":"product_tag","embeddable":true,"href":"https:\/\/latinhg.com\/es\/wp-json\/wp\/v2\/product_tag?post=737"}],"curies":[{"name":"wp","href":"https:\/\/api.w.org\/{rel}","templated":true}]}}