{"id":734,"date":"2025-08-12T03:34:13","date_gmt":"2025-08-12T03:34:13","guid":{"rendered":"https:\/\/latinhg.com\/?post_type=product&#038;p=734"},"modified":"2025-09-26T05:03:50","modified_gmt":"2025-09-26T05:03:50","slug":"lentes-pentafocales-intensity","status":"publish","type":"product","link":"https:\/\/latinhg.com\/es\/product\/lentes-pentafocales-intensity\/","title":{"rendered":"Lentes Pentafocales (Intensity)"},"content":{"rendered":"<p>Los lentes INTENSITY son una tecnolog\u00eda pentafocal \u00fanica en el mercado, ensamblado en un dise\u00f1o \u00f3ptico de orden sim\u00e9trico \u00fanico. A diferencia de los dise\u00f1os \u00f3pticos difractivos convencionales, el lente Intermedio est\u00e1 en el orden 0, el lejano est\u00e1 en -2 y el cercano est\u00e1 en +2. Lo que da una visi\u00f3n intermedia mejorada.<\/p>\n","protected":false},"excerpt":{"rendered":"<p>Los lentes INTENSITY son una tecnolog\u00eda pentafocal \u00fanica en el mercado, ensamblado en un dise\u00f1o \u00f3ptico de orden sim\u00e9trico \u00fanico. A diferencia de los dise\u00f1os \u00f3pticos difractivos convencionales, el lente Intermedio est\u00e1 en el orden 0, el lejano est\u00e1 en -2 y el cercano est\u00e1 en +2. Lo que da una visi\u00f3n intermedia mejorada.<\/p>\n","protected":false},"featured_media":736,"template":"","meta":{"_acf_changed":false,"inline_featured_image":false},"pwb-brand":[],"product_brand":[66],"product_cat":[92,62],"product_tag":[],"class_list":{"0":"post-734","1":"product","2":"type-product","3":"status-publish","4":"has-post-thumbnail","6":"product_brand-hanita-lenses","7":"product_cat-hanita-lenses","8":"product_cat-oftalmologia","10":"first","11":"instock","12":"shipping-taxable","13":"product-type-simple"},"acf":[],"brands":[],"_links":{"self":[{"href":"https:\/\/latinhg.com\/es\/wp-json\/wp\/v2\/product\/734","targetHints":{"allow":["GET"]}}],"collection":[{"href":"https:\/\/latinhg.com\/es\/wp-json\/wp\/v2\/product"}],"about":[{"href":"https:\/\/latinhg.com\/es\/wp-json\/wp\/v2\/types\/product"}],"wp:featuredmedia":[{"embeddable":true,"href":"https:\/\/latinhg.com\/es\/wp-json\/wp\/v2\/media\/736"}],"wp:attachment":[{"href":"https:\/\/latinhg.com\/es\/wp-json\/wp\/v2\/media?parent=734"}],"wp:term":[{"taxonomy":"pwb-brand","embeddable":true,"href":"https:\/\/latinhg.com\/es\/wp-json\/wp\/v2\/pwb-brand?post=734"},{"taxonomy":"product_brand","embeddable":true,"href":"https:\/\/latinhg.com\/es\/wp-json\/wp\/v2\/product_brand?post=734"},{"taxonomy":"product_cat","embeddable":true,"href":"https:\/\/latinhg.com\/es\/wp-json\/wp\/v2\/product_cat?post=734"},{"taxonomy":"product_tag","embeddable":true,"href":"https:\/\/latinhg.com\/es\/wp-json\/wp\/v2\/product_tag?post=734"}],"curies":[{"name":"wp","href":"https:\/\/api.w.org\/{rel}","templated":true}]}}