{"id":722,"date":"2025-08-12T00:29:10","date_gmt":"2025-08-12T00:29:10","guid":{"rendered":"https:\/\/latinhg.com\/?post_type=product&#038;p=722"},"modified":"2025-09-26T04:36:34","modified_gmt":"2025-09-26T04:36:34","slug":"cateter-de-drenaje-universal-pigtail","status":"publish","type":"product","link":"https:\/\/latinhg.com\/es\/product\/cateter-de-drenaje-universal-pigtail\/","title":{"rendered":"Cat\u00e9ter de drenaje universal pigtail"},"content":{"rendered":"<ul class=\"bullets-padding-left\">\n<li>Cat\u00e9ter de poliuretano radiopaco.<\/li>\n<li>C\u00e1nula r\u00edgida con estilete de trocar.<\/li>\n<li>Disponible con bloqueo de cuerda y revestimiento hidr\u00f3filo.<\/li>\n<li>Grandes orificios ovalados en la coleta para un drenaje m\u00e1ximo.<\/li>\n<li>Marcado de posici\u00f3n de la migraci\u00f3n del cat\u00e9ter de referencia despu\u00e9s de la colocaci\u00f3n.<\/li>\n<li>Recubrimiento hidrof\u00edlico para reducir la fricci\u00f3n durante la inserci\u00f3n.<\/li>\n<\/ul>\n","protected":false},"excerpt":{"rendered":"<ul class=\"bullets-padding-left\">\n<li>Cat\u00e9ter de poliuretano radiopaco.<\/li>\n<li>C\u00e1nula r\u00edgida con estilete de trocar.<\/li>\n<li>Disponible con bloqueo de cuerda y revestimiento hidr\u00f3filo.<\/li>\n<li>Grandes orificios ovalados en la coleta para un drenaje m\u00e1ximo.<\/li>\n<li>Marcado de posici\u00f3n de la migraci\u00f3n del cat\u00e9ter de referencia despu\u00e9s de la colocaci\u00f3n.<\/li>\n<li>Recubrimiento hidrof\u00edlico para reducir la fricci\u00f3n durante la inserci\u00f3n.<\/li>\n<\/ul>\n","protected":false},"featured_media":723,"template":"","meta":{"_acf_changed":false,"inline_featured_image":false},"pwb-brand":[],"product_brand":[74],"product_cat":[84,61],"product_tag":[],"class_list":{"0":"post-722","1":"product","2":"type-product","3":"status-publish","4":"has-post-thumbnail","6":"product_brand-adria","7":"product_cat-adria","8":"product_cat-radiologia","10":"first","11":"instock","12":"shipping-taxable","13":"product-type-simple"},"acf":[],"brands":[],"_links":{"self":[{"href":"https:\/\/latinhg.com\/es\/wp-json\/wp\/v2\/product\/722","targetHints":{"allow":["GET"]}}],"collection":[{"href":"https:\/\/latinhg.com\/es\/wp-json\/wp\/v2\/product"}],"about":[{"href":"https:\/\/latinhg.com\/es\/wp-json\/wp\/v2\/types\/product"}],"wp:featuredmedia":[{"embeddable":true,"href":"https:\/\/latinhg.com\/es\/wp-json\/wp\/v2\/media\/723"}],"wp:attachment":[{"href":"https:\/\/latinhg.com\/es\/wp-json\/wp\/v2\/media?parent=722"}],"wp:term":[{"taxonomy":"pwb-brand","embeddable":true,"href":"https:\/\/latinhg.com\/es\/wp-json\/wp\/v2\/pwb-brand?post=722"},{"taxonomy":"product_brand","embeddable":true,"href":"https:\/\/latinhg.com\/es\/wp-json\/wp\/v2\/product_brand?post=722"},{"taxonomy":"product_cat","embeddable":true,"href":"https:\/\/latinhg.com\/es\/wp-json\/wp\/v2\/product_cat?post=722"},{"taxonomy":"product_tag","embeddable":true,"href":"https:\/\/latinhg.com\/es\/wp-json\/wp\/v2\/product_tag?post=722"}],"curies":[{"name":"wp","href":"https:\/\/api.w.org\/{rel}","templated":true}]}}