{"id":711,"date":"2025-08-12T00:14:35","date_gmt":"2025-08-12T00:14:35","guid":{"rendered":"https:\/\/latinhg.com\/?post_type=product&#038;p=711"},"modified":"2025-09-26T04:36:35","modified_gmt":"2025-09-26T04:36:35","slug":"sistema-de-biopsia-de-medula-osea-jamshidi","status":"publish","type":"product","link":"https:\/\/latinhg.com\/es\/product\/sistema-de-biopsia-de-medula-osea-jamshidi\/","title":{"rendered":"Sistema de biopsia de m\u00e9dula \u00f3sea Jamshidi"},"content":{"rendered":"<p>El sistema de biopsia de m\u00e9dula \u00f3sea est\u00e1 dise\u00f1ado para proporcionar biopsias de calidad siguiendo el procedimiento cl\u00e1sico de Jamshidi. Tambi\u00e9n est\u00e1 disponible en la versi\u00f3n explante \/ trasplante.<\/p>\n<ul class=\"bullets-padding-left\">\n<li>C\u00e1nula con 5 filos para facilitar la penetraci\u00f3n.<\/li>\n<li>Estilete con punta de trocar para una entrada m\u00e1s suave en la m\u00e9dula.<\/li>\n<li>Buje Luer Lock.<\/li>\n<li>Provisto de un tap\u00f3n especial para una extracci\u00f3n segura de la muestra.<\/li>\n<li>Disponible con versi\u00f3n Explant: 5 orificios laterales en la c\u00e1nula externa y estilete adicional (C\u00f3digo RDSE).<\/li>\n<\/ul>\n","protected":false},"excerpt":{"rendered":"<p>El sistema de biopsia de m\u00e9dula \u00f3sea est\u00e1 dise\u00f1ado para proporcionar biopsias de calidad siguiendo el procedimiento cl\u00e1sico de Jamshidi. Tambi\u00e9n est\u00e1 disponible en la versi\u00f3n explante \/ trasplante.<\/p>\n<ul class=\"bullets-padding-left\">\n<li>C\u00e1nula con 5 filos para facilitar la penetraci\u00f3n.<\/li>\n<li>Estilete con punta de trocar para una entrada m\u00e1s suave en la m\u00e9dula.<\/li>\n<li>Buje Luer Lock.<\/li>\n<li>Provisto de un tap\u00f3n especial para una extracci\u00f3n segura de la muestra.<\/li>\n<li>Disponible con versi\u00f3n Explant: 5 orificios laterales en la c\u00e1nula externa y estilete adicional (C\u00f3digo RDSE).<\/li>\n<\/ul>\n","protected":false},"featured_media":712,"template":"","meta":{"_acf_changed":false,"inline_featured_image":false},"pwb-brand":[],"product_brand":[74],"product_cat":[84,61],"product_tag":[],"class_list":{"0":"post-711","1":"product","2":"type-product","3":"status-publish","4":"has-post-thumbnail","6":"product_brand-adria","7":"product_cat-adria","8":"product_cat-radiologia","10":"first","11":"instock","12":"shipping-taxable","13":"product-type-simple"},"acf":[],"brands":[],"_links":{"self":[{"href":"https:\/\/latinhg.com\/es\/wp-json\/wp\/v2\/product\/711","targetHints":{"allow":["GET"]}}],"collection":[{"href":"https:\/\/latinhg.com\/es\/wp-json\/wp\/v2\/product"}],"about":[{"href":"https:\/\/latinhg.com\/es\/wp-json\/wp\/v2\/types\/product"}],"wp:featuredmedia":[{"embeddable":true,"href":"https:\/\/latinhg.com\/es\/wp-json\/wp\/v2\/media\/712"}],"wp:attachment":[{"href":"https:\/\/latinhg.com\/es\/wp-json\/wp\/v2\/media?parent=711"}],"wp:term":[{"taxonomy":"pwb-brand","embeddable":true,"href":"https:\/\/latinhg.com\/es\/wp-json\/wp\/v2\/pwb-brand?post=711"},{"taxonomy":"product_brand","embeddable":true,"href":"https:\/\/latinhg.com\/es\/wp-json\/wp\/v2\/product_brand?post=711"},{"taxonomy":"product_cat","embeddable":true,"href":"https:\/\/latinhg.com\/es\/wp-json\/wp\/v2\/product_cat?post=711"},{"taxonomy":"product_tag","embeddable":true,"href":"https:\/\/latinhg.com\/es\/wp-json\/wp\/v2\/product_tag?post=711"}],"curies":[{"name":"wp","href":"https:\/\/api.w.org\/{rel}","templated":true}]}}