{"id":710,"date":"2025-08-12T00:08:53","date_gmt":"2025-08-12T00:08:53","guid":{"rendered":"https:\/\/latinhg.com\/?post_type=product&#038;p=710"},"modified":"2025-09-26T05:15:25","modified_gmt":"2025-09-26T05:15:25","slug":"kit-de-remover-suturas","status":"publish","type":"product","link":"https:\/\/latinhg.com\/es\/product\/kit-de-remover-suturas\/","title":{"rendered":"Kit de Remover Suturas"},"content":{"rendered":"<p>Este kit es elaborado espec\u00edficamente para su uso en la extracci\u00f3n de puntos cuando la herida quir\u00fargica ha sanado. Dise\u00f1o en empaque est\u00e9ril, con los componentes necesarios para el cumplimiento de los protocolos intrahospitalarios.<\/p>\n","protected":false},"excerpt":{"rendered":"<p>Este kit es elaborado espec\u00edficamente para su uso en la extracci\u00f3n de puntos cuando la herida quir\u00fargica ha sanado. Dise\u00f1o en empaque est\u00e9ril, con los componentes necesarios para el cumplimiento de los protocolos intrahospitalarios.<\/p>\n","protected":false},"featured_media":651,"template":"","meta":{"_acf_changed":false,"inline_featured_image":false},"pwb-brand":[],"product_brand":[65],"product_cat":[60,95],"product_tag":[],"class_list":{"0":"post-710","1":"product","2":"type-product","3":"status-publish","4":"has-post-thumbnail","6":"product_brand-medical-action","7":"product_cat-intervencional","8":"product_cat-medical-action","10":"first","11":"instock","12":"shipping-taxable","13":"product-type-simple"},"acf":[],"brands":[],"_links":{"self":[{"href":"https:\/\/latinhg.com\/es\/wp-json\/wp\/v2\/product\/710","targetHints":{"allow":["GET"]}}],"collection":[{"href":"https:\/\/latinhg.com\/es\/wp-json\/wp\/v2\/product"}],"about":[{"href":"https:\/\/latinhg.com\/es\/wp-json\/wp\/v2\/types\/product"}],"wp:featuredmedia":[{"embeddable":true,"href":"https:\/\/latinhg.com\/es\/wp-json\/wp\/v2\/media\/651"}],"wp:attachment":[{"href":"https:\/\/latinhg.com\/es\/wp-json\/wp\/v2\/media?parent=710"}],"wp:term":[{"taxonomy":"pwb-brand","embeddable":true,"href":"https:\/\/latinhg.com\/es\/wp-json\/wp\/v2\/pwb-brand?post=710"},{"taxonomy":"product_brand","embeddable":true,"href":"https:\/\/latinhg.com\/es\/wp-json\/wp\/v2\/product_brand?post=710"},{"taxonomy":"product_cat","embeddable":true,"href":"https:\/\/latinhg.com\/es\/wp-json\/wp\/v2\/product_cat?post=710"},{"taxonomy":"product_tag","embeddable":true,"href":"https:\/\/latinhg.com\/es\/wp-json\/wp\/v2\/product_tag?post=710"}],"curies":[{"name":"wp","href":"https:\/\/api.w.org\/{rel}","templated":true}]}}