{"id":709,"date":"2025-08-12T00:05:42","date_gmt":"2025-08-12T00:05:42","guid":{"rendered":"https:\/\/latinhg.com\/?post_type=product&#038;p=709"},"modified":"2025-09-26T05:15:26","modified_gmt":"2025-09-26T05:15:26","slug":"kit-de-curaciones","status":"publish","type":"product","link":"https:\/\/latinhg.com\/es\/product\/kit-de-curaciones\/","title":{"rendered":"Kit de curaciones"},"content":{"rendered":"<p>El kit de curaciones est\u00e1 elaborado para ser usado en el tratamiento de heridas o escoriaciones. Dise\u00f1o en empaque est\u00e9ril, con los componentes necesarios para el cumplimiento de los protocolos intrahospitalarios.<\/p>\n","protected":false},"excerpt":{"rendered":"<p>El kit de curaciones est\u00e1 elaborado para ser usado en el tratamiento de heridas o escoriaciones. Dise\u00f1o en empaque est\u00e9ril, con los componentes necesarios para el cumplimiento de los protocolos intrahospitalarios.<\/p>\n","protected":false},"featured_media":648,"template":"","meta":{"_acf_changed":false,"inline_featured_image":false},"pwb-brand":[],"product_brand":[65],"product_cat":[60,95],"product_tag":[],"class_list":{"0":"post-709","1":"product","2":"type-product","3":"status-publish","4":"has-post-thumbnail","6":"product_brand-medical-action","7":"product_cat-intervencional","8":"product_cat-medical-action","10":"first","11":"instock","12":"shipping-taxable","13":"product-type-simple"},"acf":[],"brands":[],"_links":{"self":[{"href":"https:\/\/latinhg.com\/es\/wp-json\/wp\/v2\/product\/709","targetHints":{"allow":["GET"]}}],"collection":[{"href":"https:\/\/latinhg.com\/es\/wp-json\/wp\/v2\/product"}],"about":[{"href":"https:\/\/latinhg.com\/es\/wp-json\/wp\/v2\/types\/product"}],"wp:featuredmedia":[{"embeddable":true,"href":"https:\/\/latinhg.com\/es\/wp-json\/wp\/v2\/media\/648"}],"wp:attachment":[{"href":"https:\/\/latinhg.com\/es\/wp-json\/wp\/v2\/media?parent=709"}],"wp:term":[{"taxonomy":"pwb-brand","embeddable":true,"href":"https:\/\/latinhg.com\/es\/wp-json\/wp\/v2\/pwb-brand?post=709"},{"taxonomy":"product_brand","embeddable":true,"href":"https:\/\/latinhg.com\/es\/wp-json\/wp\/v2\/product_brand?post=709"},{"taxonomy":"product_cat","embeddable":true,"href":"https:\/\/latinhg.com\/es\/wp-json\/wp\/v2\/product_cat?post=709"},{"taxonomy":"product_tag","embeddable":true,"href":"https:\/\/latinhg.com\/es\/wp-json\/wp\/v2\/product_tag?post=709"}],"curies":[{"name":"wp","href":"https:\/\/api.w.org\/{rel}","templated":true}]}}