{"id":704,"date":"2025-08-11T23:55:26","date_gmt":"2025-08-11T23:55:26","guid":{"rendered":"https:\/\/latinhg.com\/?post_type=product&#038;p=704"},"modified":"2025-09-26T04:36:35","modified_gmt":"2025-09-26T04:36:35","slug":"sistemas-de-vertebroplastia","status":"publish","type":"product","link":"https:\/\/latinhg.com\/es\/product\/sistemas-de-vertebroplastia\/","title":{"rendered":"Sistemas de vertebroplastia"},"content":{"rendered":"<p>El set de agujas de vertebroplastia permite el acceso a la v\u00e9rtebra a tratar y eso se logra con aguja de vertebroplastia con estilete interior hueco sobre la c\u00e1nula introductora \/ gu\u00eda de 2 piezas de 20 g con conector extra\u00edble. Una vez en posici\u00f3n, la aguja de vertebroplastia act\u00faa como v\u00eda para la introducci\u00f3n de otros accesorios como el empujador de cemento \u00f3seo, aguja de biopsia y taladro vertebrales<\/p>\n","protected":false},"excerpt":{"rendered":"<p>El set de agujas de vertebroplastia permite el acceso a la v\u00e9rtebra a tratar y eso se logra con aguja de vertebroplastia con estilete interior hueco sobre la c\u00e1nula introductora \/ gu\u00eda de 2 piezas de 20 g con conector extra\u00edble. Una vez en posici\u00f3n, la aguja de vertebroplastia act\u00faa como v\u00eda para la introducci\u00f3n de otros accesorios como el empujador de cemento \u00f3seo, aguja de biopsia y taladro vertebrales<\/p>\n","protected":false},"featured_media":701,"template":"","meta":{"_acf_changed":false,"inline_featured_image":false},"pwb-brand":[],"product_brand":[74],"product_cat":[84,61],"product_tag":[],"class_list":{"0":"post-704","1":"product","2":"type-product","3":"status-publish","4":"has-post-thumbnail","6":"product_brand-adria","7":"product_cat-adria","8":"product_cat-radiologia","10":"first","11":"instock","12":"shipping-taxable","13":"product-type-simple"},"acf":[],"brands":[],"_links":{"self":[{"href":"https:\/\/latinhg.com\/es\/wp-json\/wp\/v2\/product\/704","targetHints":{"allow":["GET"]}}],"collection":[{"href":"https:\/\/latinhg.com\/es\/wp-json\/wp\/v2\/product"}],"about":[{"href":"https:\/\/latinhg.com\/es\/wp-json\/wp\/v2\/types\/product"}],"wp:featuredmedia":[{"embeddable":true,"href":"https:\/\/latinhg.com\/es\/wp-json\/wp\/v2\/media\/701"}],"wp:attachment":[{"href":"https:\/\/latinhg.com\/es\/wp-json\/wp\/v2\/media?parent=704"}],"wp:term":[{"taxonomy":"pwb-brand","embeddable":true,"href":"https:\/\/latinhg.com\/es\/wp-json\/wp\/v2\/pwb-brand?post=704"},{"taxonomy":"product_brand","embeddable":true,"href":"https:\/\/latinhg.com\/es\/wp-json\/wp\/v2\/product_brand?post=704"},{"taxonomy":"product_cat","embeddable":true,"href":"https:\/\/latinhg.com\/es\/wp-json\/wp\/v2\/product_cat?post=704"},{"taxonomy":"product_tag","embeddable":true,"href":"https:\/\/latinhg.com\/es\/wp-json\/wp\/v2\/product_tag?post=704"}],"curies":[{"name":"wp","href":"https:\/\/api.w.org\/{rel}","templated":true}]}}