{"id":699,"date":"2025-08-11T23:46:24","date_gmt":"2025-08-11T23:46:24","guid":{"rendered":"https:\/\/latinhg.com\/?post_type=product&#038;p=699"},"modified":"2025-09-26T04:36:36","modified_gmt":"2025-09-26T04:36:36","slug":"cateter-de-histerosalpingografia","status":"publish","type":"product","link":"https:\/\/latinhg.com\/es\/product\/cateter-de-histerosalpingografia\/","title":{"rendered":"Cat\u00e9ter de histerosalpingograf\u00eda"},"content":{"rendered":"<p>El Cat\u00e9ter de histerosalpingograf\u00eda facilita la inyecci\u00f3n de medios de contraste en la cavidad uterina a fin de evaluar la permeabilidad de las trompas de Falopio o acceder a la cavidad uterina para realizar ecohisterografias mediante infusi\u00f3n de soluci\u00f3n salina. El dise\u00f1o del cat\u00e9ter permite un buen control m\u00e9dico mientras mantiene la flexibilidad suficiente para mayor comodidad.<\/p>\n","protected":false},"excerpt":{"rendered":"<p>El Cat\u00e9ter de histerosalpingograf\u00eda facilita la inyecci\u00f3n de medios de contraste en la cavidad uterina a fin de evaluar la permeabilidad de las trompas de Falopio o acceder a la cavidad uterina para realizar ecohisterografias mediante infusi\u00f3n de soluci\u00f3n salina. El dise\u00f1o del cat\u00e9ter permite un buen control m\u00e9dico mientras mantiene la flexibilidad suficiente para mayor comodidad.<\/p>\n","protected":false},"featured_media":703,"template":"","meta":{"_acf_changed":false,"inline_featured_image":false},"pwb-brand":[],"product_brand":[74],"product_cat":[84,61],"product_tag":[],"class_list":{"0":"post-699","1":"product","2":"type-product","3":"status-publish","4":"has-post-thumbnail","6":"product_brand-adria","7":"product_cat-adria","8":"product_cat-radiologia","10":"first","11":"instock","12":"shipping-taxable","13":"product-type-simple"},"acf":[],"brands":[],"_links":{"self":[{"href":"https:\/\/latinhg.com\/es\/wp-json\/wp\/v2\/product\/699","targetHints":{"allow":["GET"]}}],"collection":[{"href":"https:\/\/latinhg.com\/es\/wp-json\/wp\/v2\/product"}],"about":[{"href":"https:\/\/latinhg.com\/es\/wp-json\/wp\/v2\/types\/product"}],"wp:featuredmedia":[{"embeddable":true,"href":"https:\/\/latinhg.com\/es\/wp-json\/wp\/v2\/media\/703"}],"wp:attachment":[{"href":"https:\/\/latinhg.com\/es\/wp-json\/wp\/v2\/media?parent=699"}],"wp:term":[{"taxonomy":"pwb-brand","embeddable":true,"href":"https:\/\/latinhg.com\/es\/wp-json\/wp\/v2\/pwb-brand?post=699"},{"taxonomy":"product_brand","embeddable":true,"href":"https:\/\/latinhg.com\/es\/wp-json\/wp\/v2\/product_brand?post=699"},{"taxonomy":"product_cat","embeddable":true,"href":"https:\/\/latinhg.com\/es\/wp-json\/wp\/v2\/product_cat?post=699"},{"taxonomy":"product_tag","embeddable":true,"href":"https:\/\/latinhg.com\/es\/wp-json\/wp\/v2\/product_tag?post=699"}],"curies":[{"name":"wp","href":"https:\/\/api.w.org\/{rel}","templated":true}]}}