{"id":689,"date":"2025-08-11T23:36:04","date_gmt":"2025-08-11T23:36:04","guid":{"rendered":"https:\/\/latinhg.com\/?post_type=product&#038;p=689"},"modified":"2025-09-26T05:07:35","modified_gmt":"2025-09-26T05:07:35","slug":"clips-localizadores-de-lesiones-intervenidas-en-mamas","status":"publish","type":"product","link":"https:\/\/latinhg.com\/es\/product\/clips-localizadores-de-lesiones-intervenidas-en-mamas\/","title":{"rendered":"Clips localizadores de lesiones intervenidas en mamas"},"content":{"rendered":"<ul class=\"bullets-padding-left\">\n<li>Se\u00f1ala lesiones causadas por microcalcificaciones para posteriores controles.<\/li>\n<li>Clip de tama\u00f1o reducido de muy f\u00e1cil y r\u00e1pida aplicaci\u00f3n.<\/li>\n<li>Luego de realizar la biopsia, con m\u00e9todo de vac\u00edo o Core, podr\u00e1 a trav\u00e9s del canal dejado por la aguja de la biopsia, introducir el Mamawire Fix y al llegar a la profundidad deseada presionar el actuador, dejando el clip fijado. (Exclusivo de Mamawire Fix).<\/li>\n<li>Sin necesidad de realizar una biopsia, permite introducir el Mamawire Fix y al llegar a la profundidad deseada presionar el bot\u00f3n depositando el clip. Punta con capacidad de acceso al paciente. (Exclusivo de Mamawire Fix D).<\/li>\n<li>Permite visualizarlo por ultrasonograf\u00eda, rayos X y resonancia magn\u00e9tica nuclear.<\/li>\n<li>Posee marcas de profundidad a cada cent\u00edmetro y seguro de disparo.<\/li>\n<li>De simple utilizaci\u00f3n manual.<\/li>\n<li>Permite se\u00f1alizar el lugar en donde se realiz\u00f3 la biopsia histol\u00f3gica, para posteriores controles.<\/li>\n<\/ul>\n","protected":false},"excerpt":{"rendered":"<ul class=\"bullets-padding-left\">\n<li>Se\u00f1ala lesiones causadas por microcalcificaciones para posteriores controles.<\/li>\n<li>Clip de tama\u00f1o reducido de muy f\u00e1cil y r\u00e1pida aplicaci\u00f3n.<\/li>\n<li>Luego de realizar la biopsia, con m\u00e9todo de vac\u00edo o Core, podr\u00e1 a trav\u00e9s del canal dejado por la aguja de la biopsia, introducir el Mamawire Fix y al llegar a la profundidad deseada presionar el actuador, dejando el clip fijado. (Exclusivo de Mamawire Fix).<\/li>\n<li>Sin necesidad de realizar una biopsia, permite introducir el Mamawire Fix y al llegar a la profundidad deseada presionar el bot\u00f3n depositando el clip. Punta con capacidad de acceso al paciente. (Exclusivo de Mamawire Fix D).<\/li>\n<li>Permite visualizarlo por ultrasonograf\u00eda, rayos X y resonancia magn\u00e9tica nuclear.<\/li>\n<li>Posee marcas de profundidad a cada cent\u00edmetro y seguro de disparo.<\/li>\n<li>De simple utilizaci\u00f3n manual.<\/li>\n<li>Permite se\u00f1alizar el lugar en donde se realiz\u00f3 la biopsia histol\u00f3gica, para posteriores controles.<\/li>\n<\/ul>\n","protected":false},"featured_media":691,"template":"","meta":{"_acf_changed":false,"inline_featured_image":false},"pwb-brand":[],"product_brand":[79],"product_cat":[94,61],"product_tag":[],"class_list":{"0":"post-689","1":"product","2":"type-product","3":"status-publish","4":"has-post-thumbnail","6":"product_brand-histo","7":"product_cat-histo","8":"product_cat-radiologia","10":"first","11":"instock","12":"shipping-taxable","13":"product-type-simple"},"acf":[],"brands":[],"_links":{"self":[{"href":"https:\/\/latinhg.com\/es\/wp-json\/wp\/v2\/product\/689","targetHints":{"allow":["GET"]}}],"collection":[{"href":"https:\/\/latinhg.com\/es\/wp-json\/wp\/v2\/product"}],"about":[{"href":"https:\/\/latinhg.com\/es\/wp-json\/wp\/v2\/types\/product"}],"wp:featuredmedia":[{"embeddable":true,"href":"https:\/\/latinhg.com\/es\/wp-json\/wp\/v2\/media\/691"}],"wp:attachment":[{"href":"https:\/\/latinhg.com\/es\/wp-json\/wp\/v2\/media?parent=689"}],"wp:term":[{"taxonomy":"pwb-brand","embeddable":true,"href":"https:\/\/latinhg.com\/es\/wp-json\/wp\/v2\/pwb-brand?post=689"},{"taxonomy":"product_brand","embeddable":true,"href":"https:\/\/latinhg.com\/es\/wp-json\/wp\/v2\/product_brand?post=689"},{"taxonomy":"product_cat","embeddable":true,"href":"https:\/\/latinhg.com\/es\/wp-json\/wp\/v2\/product_cat?post=689"},{"taxonomy":"product_tag","embeddable":true,"href":"https:\/\/latinhg.com\/es\/wp-json\/wp\/v2\/product_tag?post=689"}],"curies":[{"name":"wp","href":"https:\/\/api.w.org\/{rel}","templated":true}]}}