{"id":686,"date":"2025-08-11T23:32:18","date_gmt":"2025-08-11T23:32:18","guid":{"rendered":"https:\/\/latinhg.com\/?post_type=product&#038;p=686"},"modified":"2025-09-26T05:07:35","modified_gmt":"2025-09-26T05:07:35","slug":"marcadores-pre-quirurgicos","status":"publish","type":"product","link":"https:\/\/latinhg.com\/es\/product\/marcadores-pre-quirurgicos\/","title":{"rendered":"Marcadores pre-quir\u00fargicos"},"content":{"rendered":"<p>Agujas de marcaci\u00f3n pre-quirurgica de lesi\u00f3n en mamas.<\/p>\n<ul class=\"bullets-padding-left\">\n<li>Aguja introductora con marcas de profundidad que permiten calcular la distancia de penetraci\u00f3n hacia la lesi\u00f3n.<\/li>\n<li>Alambre localizador de acero inoxidable de grado m\u00e9dico semirr\u00edgido (Mamawire) y con fijaci\u00f3n de doble efecto (Mamawire Plus) que impide la migraci\u00f3n, ideal para mamas grasas.<\/li>\n<li>Poseen marcas de referencia que permiten ver cuando el localizador Mamawire o Mamawire Plus est\u00e1 listo para ser desplegado.<\/li>\n<li>Detectable por ultrasonido y rayos X.<\/li>\n<li>Terminal transl\u00facido para mejor visualizaci\u00f3n.<\/li>\n<\/ul>\n","protected":false},"excerpt":{"rendered":"<p>Agujas de marcaci\u00f3n pre-quirurgica de lesi\u00f3n en mamas.<\/p>\n<ul class=\"bullets-padding-left\">\n<li>Aguja introductora con marcas de profundidad que permiten calcular la distancia de penetraci\u00f3n hacia la lesi\u00f3n.<\/li>\n<li>Alambre localizador de acero inoxidable de grado m\u00e9dico semirr\u00edgido (Mamawire) y con fijaci\u00f3n de doble efecto (Mamawire Plus) que impide la migraci\u00f3n, ideal para mamas grasas.<\/li>\n<li>Poseen marcas de referencia que permiten ver cuando el localizador Mamawire o Mamawire Plus est\u00e1 listo para ser desplegado.<\/li>\n<li>Detectable por ultrasonido y rayos X.<\/li>\n<li>Terminal transl\u00facido para mejor visualizaci\u00f3n.<\/li>\n<\/ul>\n","protected":false},"featured_media":688,"template":"","meta":{"_acf_changed":false,"inline_featured_image":false},"pwb-brand":[],"product_brand":[79],"product_cat":[94,61],"product_tag":[],"class_list":{"0":"post-686","1":"product","2":"type-product","3":"status-publish","4":"has-post-thumbnail","6":"product_brand-histo","7":"product_cat-histo","8":"product_cat-radiologia","10":"first","11":"instock","12":"shipping-taxable","13":"product-type-simple"},"acf":[],"brands":[],"_links":{"self":[{"href":"https:\/\/latinhg.com\/es\/wp-json\/wp\/v2\/product\/686","targetHints":{"allow":["GET"]}}],"collection":[{"href":"https:\/\/latinhg.com\/es\/wp-json\/wp\/v2\/product"}],"about":[{"href":"https:\/\/latinhg.com\/es\/wp-json\/wp\/v2\/types\/product"}],"wp:featuredmedia":[{"embeddable":true,"href":"https:\/\/latinhg.com\/es\/wp-json\/wp\/v2\/media\/688"}],"wp:attachment":[{"href":"https:\/\/latinhg.com\/es\/wp-json\/wp\/v2\/media?parent=686"}],"wp:term":[{"taxonomy":"pwb-brand","embeddable":true,"href":"https:\/\/latinhg.com\/es\/wp-json\/wp\/v2\/pwb-brand?post=686"},{"taxonomy":"product_brand","embeddable":true,"href":"https:\/\/latinhg.com\/es\/wp-json\/wp\/v2\/product_brand?post=686"},{"taxonomy":"product_cat","embeddable":true,"href":"https:\/\/latinhg.com\/es\/wp-json\/wp\/v2\/product_cat?post=686"},{"taxonomy":"product_tag","embeddable":true,"href":"https:\/\/latinhg.com\/es\/wp-json\/wp\/v2\/product_tag?post=686"}],"curies":[{"name":"wp","href":"https:\/\/api.w.org\/{rel}","templated":true}]}}