{"id":679,"date":"2025-08-11T23:18:29","date_gmt":"2025-08-11T23:18:29","guid":{"rendered":"https:\/\/latinhg.com\/?post_type=product&#038;p=679"},"modified":"2025-09-26T04:59:48","modified_gmt":"2025-09-26T04:59:48","slug":"fajas-post-quirurgicas","status":"publish","type":"product","link":"https:\/\/latinhg.com\/es\/product\/fajas-post-quirurgicas\/","title":{"rendered":"Fajas post quir\u00fargicas"},"content":{"rendered":"<p>\u00danica faja cl\u00ednicamente comprobada para favorecer la funci\u00f3n pulmonar posterior a cirug\u00eda abdominal, al alentar al paciente para que deambule de forma temprana. Disponible en tama\u00f1os de hasta los 94\u201d de largo y de hasta 15\u201d de ancho, cierre de velcro ajustable a la circunferencia y permite sujetar drenajes.<\/p>\n","protected":false},"excerpt":{"rendered":"<p>\u00danica faja cl\u00ednicamente comprobada para favorecer la funci\u00f3n pulmonar posterior a cirug\u00eda abdominal, al alentar al paciente para que deambule de forma temprana. Disponible en tama\u00f1os de hasta los 94\u201d de largo y de hasta 15\u201d de ancho, cierre de velcro ajustable a la circunferencia y permite sujetar drenajes.<\/p>\n","protected":false},"featured_media":682,"template":"","meta":{"_acf_changed":false,"inline_featured_image":false},"pwb-brand":[],"product_brand":[75],"product_cat":[89,60],"product_tag":[],"class_list":{"0":"post-679","1":"product","2":"type-product","3":"status-publish","4":"has-post-thumbnail","6":"product_brand-dale","7":"product_cat-dale","8":"product_cat-intervencional","10":"first","11":"instock","12":"shipping-taxable","13":"product-type-simple"},"acf":[],"brands":[],"_links":{"self":[{"href":"https:\/\/latinhg.com\/es\/wp-json\/wp\/v2\/product\/679","targetHints":{"allow":["GET"]}}],"collection":[{"href":"https:\/\/latinhg.com\/es\/wp-json\/wp\/v2\/product"}],"about":[{"href":"https:\/\/latinhg.com\/es\/wp-json\/wp\/v2\/types\/product"}],"wp:featuredmedia":[{"embeddable":true,"href":"https:\/\/latinhg.com\/es\/wp-json\/wp\/v2\/media\/682"}],"wp:attachment":[{"href":"https:\/\/latinhg.com\/es\/wp-json\/wp\/v2\/media?parent=679"}],"wp:term":[{"taxonomy":"pwb-brand","embeddable":true,"href":"https:\/\/latinhg.com\/es\/wp-json\/wp\/v2\/pwb-brand?post=679"},{"taxonomy":"product_brand","embeddable":true,"href":"https:\/\/latinhg.com\/es\/wp-json\/wp\/v2\/product_brand?post=679"},{"taxonomy":"product_cat","embeddable":true,"href":"https:\/\/latinhg.com\/es\/wp-json\/wp\/v2\/product_cat?post=679"},{"taxonomy":"product_tag","embeddable":true,"href":"https:\/\/latinhg.com\/es\/wp-json\/wp\/v2\/product_tag?post=679"}],"curies":[{"name":"wp","href":"https:\/\/api.w.org\/{rel}","templated":true}]}}