{"id":668,"date":"2025-08-11T22:57:51","date_gmt":"2025-08-11T22:57:51","guid":{"rendered":"https:\/\/latinhg.com\/?post_type=product&#038;p=668"},"modified":"2025-09-26T04:59:49","modified_gmt":"2025-09-26T04:59:49","slug":"sujetador-de-sonda-vesical-foley","status":"publish","type":"product","link":"https:\/\/latinhg.com\/es\/product\/sujetador-de-sonda-vesical-foley\/","title":{"rendered":"Sujetador de sonda vesical (Foley)"},"content":{"rendered":"<p>El sujetador de Dale para sonda Foley estabiliza el cat\u00e9ter reduciendo el riego del retiro traum\u00e1tico sin restringir el movimiento del paciente y evitando al tiempo la irritaci\u00f3n de la piel. Libre de l\u00e1tex y con dise\u00f1o suave que evita ulceraciones en la piel.<\/p>\n","protected":false},"excerpt":{"rendered":"<p>El sujetador de Dale para sonda Foley estabiliza el cat\u00e9ter reduciendo el riego del retiro traum\u00e1tico sin restringir el movimiento del paciente y evitando al tiempo la irritaci\u00f3n de la piel. Libre de l\u00e1tex y con dise\u00f1o suave que evita ulceraciones en la piel.<\/p>\n","protected":false},"featured_media":670,"template":"","meta":{"_acf_changed":false,"inline_featured_image":false},"pwb-brand":[],"product_brand":[75],"product_cat":[89,60],"product_tag":[],"class_list":{"0":"post-668","1":"product","2":"type-product","3":"status-publish","4":"has-post-thumbnail","6":"product_brand-dale","7":"product_cat-dale","8":"product_cat-intervencional","10":"first","11":"instock","12":"shipping-taxable","13":"product-type-simple"},"acf":[],"brands":[],"_links":{"self":[{"href":"https:\/\/latinhg.com\/es\/wp-json\/wp\/v2\/product\/668","targetHints":{"allow":["GET"]}}],"collection":[{"href":"https:\/\/latinhg.com\/es\/wp-json\/wp\/v2\/product"}],"about":[{"href":"https:\/\/latinhg.com\/es\/wp-json\/wp\/v2\/types\/product"}],"wp:featuredmedia":[{"embeddable":true,"href":"https:\/\/latinhg.com\/es\/wp-json\/wp\/v2\/media\/670"}],"wp:attachment":[{"href":"https:\/\/latinhg.com\/es\/wp-json\/wp\/v2\/media?parent=668"}],"wp:term":[{"taxonomy":"pwb-brand","embeddable":true,"href":"https:\/\/latinhg.com\/es\/wp-json\/wp\/v2\/pwb-brand?post=668"},{"taxonomy":"product_brand","embeddable":true,"href":"https:\/\/latinhg.com\/es\/wp-json\/wp\/v2\/product_brand?post=668"},{"taxonomy":"product_cat","embeddable":true,"href":"https:\/\/latinhg.com\/es\/wp-json\/wp\/v2\/product_cat?post=668"},{"taxonomy":"product_tag","embeddable":true,"href":"https:\/\/latinhg.com\/es\/wp-json\/wp\/v2\/product_tag?post=668"}],"curies":[{"name":"wp","href":"https:\/\/api.w.org\/{rel}","templated":true}]}}