{"id":662,"date":"2025-08-11T22:44:39","date_gmt":"2025-08-11T22:44:39","guid":{"rendered":"https:\/\/latinhg.com\/?post_type=product&#038;p=662"},"modified":"2025-09-26T04:59:49","modified_gmt":"2025-09-26T04:59:49","slug":"sujetador-de-sonda-nasogastrica","status":"publish","type":"product","link":"https:\/\/latinhg.com\/es\/product\/sujetador-de-sonda-nasogastrica\/","title":{"rendered":"Sujetador de sonda nasog\u00e1strica"},"content":{"rendered":"<p>Ideal para sujetar sondas nasog\u00e1stricas y tubos de aspiraci\u00f3n. Fabricado con un material antial\u00e9rgico y transpirables de goma natural patentada, que permanece en sitio 72 horas o m\u00e1s, dise\u00f1o que evita puntos de contacto en la piel para evitar ulceraciones.<\/p>\n","protected":false},"excerpt":{"rendered":"<p>Ideal para sujetar sondas nasog\u00e1stricas y tubos de aspiraci\u00f3n. Fabricado con un material antial\u00e9rgico y transpirables de goma natural patentada, que permanece en sitio 72 horas o m\u00e1s, dise\u00f1o que evita puntos de contacto en la piel para evitar ulceraciones.<\/p>\n","protected":false},"featured_media":667,"template":"","meta":{"_acf_changed":false,"inline_featured_image":false},"pwb-brand":[],"product_brand":[75],"product_cat":[89,60],"product_tag":[],"class_list":{"0":"post-662","1":"product","2":"type-product","3":"status-publish","4":"has-post-thumbnail","6":"product_brand-dale","7":"product_cat-dale","8":"product_cat-intervencional","10":"first","11":"instock","12":"shipping-taxable","13":"product-type-simple"},"acf":[],"brands":[],"_links":{"self":[{"href":"https:\/\/latinhg.com\/es\/wp-json\/wp\/v2\/product\/662","targetHints":{"allow":["GET"]}}],"collection":[{"href":"https:\/\/latinhg.com\/es\/wp-json\/wp\/v2\/product"}],"about":[{"href":"https:\/\/latinhg.com\/es\/wp-json\/wp\/v2\/types\/product"}],"wp:featuredmedia":[{"embeddable":true,"href":"https:\/\/latinhg.com\/es\/wp-json\/wp\/v2\/media\/667"}],"wp:attachment":[{"href":"https:\/\/latinhg.com\/es\/wp-json\/wp\/v2\/media?parent=662"}],"wp:term":[{"taxonomy":"pwb-brand","embeddable":true,"href":"https:\/\/latinhg.com\/es\/wp-json\/wp\/v2\/pwb-brand?post=662"},{"taxonomy":"product_brand","embeddable":true,"href":"https:\/\/latinhg.com\/es\/wp-json\/wp\/v2\/product_brand?post=662"},{"taxonomy":"product_cat","embeddable":true,"href":"https:\/\/latinhg.com\/es\/wp-json\/wp\/v2\/product_cat?post=662"},{"taxonomy":"product_tag","embeddable":true,"href":"https:\/\/latinhg.com\/es\/wp-json\/wp\/v2\/product_tag?post=662"}],"curies":[{"name":"wp","href":"https:\/\/api.w.org\/{rel}","templated":true}]}}