{"id":627,"date":"2025-08-11T19:11:54","date_gmt":"2025-08-11T19:11:54","guid":{"rendered":"https:\/\/latinhg.com\/?post_type=product&#038;p=627"},"modified":"2025-09-26T05:15:27","modified_gmt":"2025-09-26T05:15:27","slug":"kit-toma-de-vias","status":"publish","type":"product","link":"https:\/\/latinhg.com\/es\/product\/kit-toma-de-vias\/","title":{"rendered":"Kit toma de v\u00edas"},"content":{"rendered":"<p>Los kits toman de v\u00edas de Medical Action proporcionan todos los suministros necesarios para apoyar la inserci\u00f3n de un cat\u00e9ter para la toma de una v\u00eda perif\u00e9rica. Dise\u00f1o en empaque est\u00e9ril, con los componentes necesarios para el cumplimiento de los protocolos intrahospitalarios.<\/p>\n","protected":false},"excerpt":{"rendered":"<p>Los kits toman de v\u00edas de Medical Action proporcionan todos los suministros necesarios para apoyar la inserci\u00f3n de un cat\u00e9ter para la toma de una v\u00eda perif\u00e9rica. Dise\u00f1o en empaque est\u00e9ril, con los componentes necesarios para el cumplimiento de los protocolos intrahospitalarios.<\/p>\n","protected":false},"featured_media":630,"template":"","meta":{"_acf_changed":false,"inline_featured_image":false},"pwb-brand":[],"product_brand":[65],"product_cat":[60,95],"product_tag":[],"class_list":{"0":"post-627","1":"product","2":"type-product","3":"status-publish","4":"has-post-thumbnail","6":"product_brand-medical-action","7":"product_cat-intervencional","8":"product_cat-medical-action","10":"first","11":"instock","12":"shipping-taxable","13":"product-type-simple"},"acf":[],"brands":[],"_links":{"self":[{"href":"https:\/\/latinhg.com\/es\/wp-json\/wp\/v2\/product\/627","targetHints":{"allow":["GET"]}}],"collection":[{"href":"https:\/\/latinhg.com\/es\/wp-json\/wp\/v2\/product"}],"about":[{"href":"https:\/\/latinhg.com\/es\/wp-json\/wp\/v2\/types\/product"}],"wp:featuredmedia":[{"embeddable":true,"href":"https:\/\/latinhg.com\/es\/wp-json\/wp\/v2\/media\/630"}],"wp:attachment":[{"href":"https:\/\/latinhg.com\/es\/wp-json\/wp\/v2\/media?parent=627"}],"wp:term":[{"taxonomy":"pwb-brand","embeddable":true,"href":"https:\/\/latinhg.com\/es\/wp-json\/wp\/v2\/pwb-brand?post=627"},{"taxonomy":"product_brand","embeddable":true,"href":"https:\/\/latinhg.com\/es\/wp-json\/wp\/v2\/product_brand?post=627"},{"taxonomy":"product_cat","embeddable":true,"href":"https:\/\/latinhg.com\/es\/wp-json\/wp\/v2\/product_cat?post=627"},{"taxonomy":"product_tag","embeddable":true,"href":"https:\/\/latinhg.com\/es\/wp-json\/wp\/v2\/product_tag?post=627"}],"curies":[{"name":"wp","href":"https:\/\/api.w.org\/{rel}","templated":true}]}}