{"id":617,"date":"2025-08-11T18:35:56","date_gmt":"2025-08-11T18:35:56","guid":{"rendered":"https:\/\/latinhg.com\/?post_type=product&#038;p=617"},"modified":"2025-09-26T05:18:26","modified_gmt":"2025-09-26T05:18:26","slug":"cobertores-de-manubrio","status":"publish","type":"product","link":"https:\/\/latinhg.com\/es\/product\/cobertores-de-manubrio\/","title":{"rendered":"Cobertores de manubrio"},"content":{"rendered":"<p>Los cobertores de manubrios descartables ahorran tiempo y dinero en las salas de cirug\u00eda. Numerosos estudios han demostrado que el costo de esterilizaci\u00f3n de los manubrios es mayor que el costo que representa la compra de cobertores descartables que se colocan en los manubrios y que se desechan despu\u00e9s de cada cirug\u00eda.<br \/>\nEvitan el atraso en las cirug\u00edas por falta de los manubrios, adem\u00e1s de favorecer y estandarizar todas las salas de cirug\u00eda independientemente del tipo de l\u00e1mpara que utilicen.<\/p>\n","protected":false},"excerpt":{"rendered":"<p>Los cobertores de manubrios descartables ahorran tiempo y dinero en las salas de cirug\u00eda. Numerosos estudios han demostrado que el costo de esterilizaci\u00f3n de los manubrios es mayor que el costo que representa la compra de cobertores descartables que se colocan en los manubrios y que se desechan despu\u00e9s de cada cirug\u00eda.<br \/>\nEvitan el atraso en las cirug\u00edas por falta de los manubrios, adem\u00e1s de favorecer y estandarizar todas las salas de cirug\u00eda independientemente del tipo de l\u00e1mpara que utilicen.<\/p>\n","protected":false},"featured_media":618,"template":"","meta":{"_acf_changed":false,"inline_featured_image":false},"pwb-brand":[],"product_brand":[65],"product_cat":[57,96],"product_tag":[],"class_list":{"0":"post-617","1":"product","2":"type-product","3":"status-publish","4":"has-post-thumbnail","6":"product_brand-medical-action","7":"product_cat-cirugia","8":"product_cat-medical-action-cirugia","10":"first","11":"instock","12":"shipping-taxable","13":"product-type-simple"},"acf":[],"brands":[],"_links":{"self":[{"href":"https:\/\/latinhg.com\/es\/wp-json\/wp\/v2\/product\/617","targetHints":{"allow":["GET"]}}],"collection":[{"href":"https:\/\/latinhg.com\/es\/wp-json\/wp\/v2\/product"}],"about":[{"href":"https:\/\/latinhg.com\/es\/wp-json\/wp\/v2\/types\/product"}],"wp:featuredmedia":[{"embeddable":true,"href":"https:\/\/latinhg.com\/es\/wp-json\/wp\/v2\/media\/618"}],"wp:attachment":[{"href":"https:\/\/latinhg.com\/es\/wp-json\/wp\/v2\/media?parent=617"}],"wp:term":[{"taxonomy":"pwb-brand","embeddable":true,"href":"https:\/\/latinhg.com\/es\/wp-json\/wp\/v2\/pwb-brand?post=617"},{"taxonomy":"product_brand","embeddable":true,"href":"https:\/\/latinhg.com\/es\/wp-json\/wp\/v2\/product_brand?post=617"},{"taxonomy":"product_cat","embeddable":true,"href":"https:\/\/latinhg.com\/es\/wp-json\/wp\/v2\/product_cat?post=617"},{"taxonomy":"product_tag","embeddable":true,"href":"https:\/\/latinhg.com\/es\/wp-json\/wp\/v2\/product_tag?post=617"}],"curies":[{"name":"wp","href":"https:\/\/api.w.org\/{rel}","templated":true}]}}