{"id":615,"date":"2025-08-11T18:33:46","date_gmt":"2025-08-11T18:33:46","guid":{"rendered":"https:\/\/latinhg.com\/?post_type=product&#038;p=615"},"modified":"2025-09-26T05:18:26","modified_gmt":"2025-09-26T05:18:26","slug":"lapices-marcadores","status":"publish","type":"product","link":"https:\/\/latinhg.com\/es\/product\/lapices-marcadores\/","title":{"rendered":"L\u00e1pices marcadores"},"content":{"rendered":"<p>Los l\u00e1pices fabricados por Medical Action con tinta de Violeta de Genciana, tienen un dise\u00f1o confortable que evita la fatiga del m\u00e9dico.<\/p>\n<ul class=\"bullets-padding-left\">\n<li>La tinta de Violeta de Genciana no desti\u00f1e ni se corre durante la cirug\u00eda.<\/li>\n<li>Se presenta con punta fina o con punta est\u00e1ndar de acuerdo al gusto del Hospital.<\/li>\n<li>Con una regla y con etiquetas, lo que evita mantener existencias de estos \u00edtems por separado.<\/li>\n<\/ul>\n<p><a href=\"https:\/\/latinhg.com\/wp-content\/uploads\/2025\/08\/suministros_para_salas_de_cirugia_medical_action.pdf\">PDF &#8211; Suministros para sala de cirug\u00eda<\/a><\/p>\n","protected":false},"excerpt":{"rendered":"<p>Los l\u00e1pices fabricados por Medical Action con tinta de Violeta de Genciana, tienen un dise\u00f1o confortable que evita la fatiga del m\u00e9dico. La tinta de Violeta de Genciana no desti\u00f1e ni se corre durante la cirug\u00eda. Se presenta con punta fina o con punta est\u00e1ndar de acuerdo al gusto del Hospital. Con una regla y [&hellip;]<\/p>\n","protected":false},"featured_media":616,"template":"","meta":{"_acf_changed":false,"inline_featured_image":false},"pwb-brand":[],"product_brand":[65],"product_cat":[57,96],"product_tag":[],"class_list":{"0":"post-615","1":"product","2":"type-product","3":"status-publish","4":"has-post-thumbnail","6":"product_brand-medical-action","7":"product_cat-cirugia","8":"product_cat-medical-action-cirugia","10":"first","11":"instock","12":"shipping-taxable","13":"product-type-simple"},"acf":[],"brands":[],"_links":{"self":[{"href":"https:\/\/latinhg.com\/es\/wp-json\/wp\/v2\/product\/615","targetHints":{"allow":["GET"]}}],"collection":[{"href":"https:\/\/latinhg.com\/es\/wp-json\/wp\/v2\/product"}],"about":[{"href":"https:\/\/latinhg.com\/es\/wp-json\/wp\/v2\/types\/product"}],"wp:featuredmedia":[{"embeddable":true,"href":"https:\/\/latinhg.com\/es\/wp-json\/wp\/v2\/media\/616"}],"wp:attachment":[{"href":"https:\/\/latinhg.com\/es\/wp-json\/wp\/v2\/media?parent=615"}],"wp:term":[{"taxonomy":"pwb-brand","embeddable":true,"href":"https:\/\/latinhg.com\/es\/wp-json\/wp\/v2\/pwb-brand?post=615"},{"taxonomy":"product_brand","embeddable":true,"href":"https:\/\/latinhg.com\/es\/wp-json\/wp\/v2\/product_brand?post=615"},{"taxonomy":"product_cat","embeddable":true,"href":"https:\/\/latinhg.com\/es\/wp-json\/wp\/v2\/product_cat?post=615"},{"taxonomy":"product_tag","embeddable":true,"href":"https:\/\/latinhg.com\/es\/wp-json\/wp\/v2\/product_tag?post=615"}],"curies":[{"name":"wp","href":"https:\/\/api.w.org\/{rel}","templated":true}]}}