{"id":613,"date":"2025-08-11T18:31:54","date_gmt":"2025-08-11T18:31:54","guid":{"rendered":"https:\/\/latinhg.com\/?post_type=product&#038;p=613"},"modified":"2025-09-26T05:18:26","modified_gmt":"2025-09-26T05:18:26","slug":"contenedores-de-agujas","status":"publish","type":"product","link":"https:\/\/latinhg.com\/es\/product\/contenedores-de-agujas\/","title":{"rendered":"Contenedores de agujas"},"content":{"rendered":"<div class=\"card-container\">\n<div class=\"card cirugia-card animated\" data-appear-anim-style=\"fadeIn\">\n<div class=\"card-body producto-card-body-style\">\n<div id=\"accordion-23561\">\n<div class=\"card card-mas-info\">\n<div id=\"accordion-23561-item-1\" class=\"collapse show\" aria-labelledby=\"heading1\" data-parent=\"#accordion-23561\">\n<div class=\"card-body card-body-bloc-9-style\">\n<p>Los contadores de agujas y filos de bistur\u00ed permiten un conteo seguro despu\u00e9s de cada cirug\u00eda, con una menor manipulaci\u00f3n y riesgo de accidentes y potencial contaminaci\u00f3n de m\u00e9dicos y enfermeras. Los sellos pl\u00e1sticos aseguran que la caja no se abra y evita as\u00ed que se pierda el instrumental guardado despu\u00e9s de ser utilizado. Una vez se cierra se descarta en forma segura.<\/p>\n<\/div>\n<\/div>\n<\/div>\n<\/div>\n<\/div>\n<\/div>\n<\/div>\n<div class=\"card-container\">\n<div class=\"card cirugia-card animated\" data-appear-anim-style=\"fadeIn\"><a href=\"https:\/\/latinhg.com\/wp-content\/uploads\/2025\/08\/suministros_para_salas_de_cirugia_medical_action.pdf\">PDF &#8211; Suministros para sala de cirug\u00eda<\/a><\/div>\n<\/div>\n","protected":false},"excerpt":{"rendered":"<p>Los contadores de agujas y filos de bistur\u00ed permiten un conteo seguro despu\u00e9s de cada cirug\u00eda, con una menor manipulaci\u00f3n y riesgo de accidentes y potencial contaminaci\u00f3n de m\u00e9dicos y enfermeras. Los sellos pl\u00e1sticos aseguran que la caja no se abra y evita as\u00ed que se pierda el instrumental guardado despu\u00e9s de ser utilizado. Una [&hellip;]<\/p>\n","protected":false},"featured_media":614,"template":"","meta":{"_acf_changed":false,"inline_featured_image":false},"pwb-brand":[],"product_brand":[65],"product_cat":[57,96],"product_tag":[],"class_list":{"0":"post-613","1":"product","2":"type-product","3":"status-publish","4":"has-post-thumbnail","6":"product_brand-medical-action","7":"product_cat-cirugia","8":"product_cat-medical-action-cirugia","10":"first","11":"instock","12":"shipping-taxable","13":"product-type-simple"},"acf":[],"brands":[],"_links":{"self":[{"href":"https:\/\/latinhg.com\/es\/wp-json\/wp\/v2\/product\/613","targetHints":{"allow":["GET"]}}],"collection":[{"href":"https:\/\/latinhg.com\/es\/wp-json\/wp\/v2\/product"}],"about":[{"href":"https:\/\/latinhg.com\/es\/wp-json\/wp\/v2\/types\/product"}],"wp:featuredmedia":[{"embeddable":true,"href":"https:\/\/latinhg.com\/es\/wp-json\/wp\/v2\/media\/614"}],"wp:attachment":[{"href":"https:\/\/latinhg.com\/es\/wp-json\/wp\/v2\/media?parent=613"}],"wp:term":[{"taxonomy":"pwb-brand","embeddable":true,"href":"https:\/\/latinhg.com\/es\/wp-json\/wp\/v2\/pwb-brand?post=613"},{"taxonomy":"product_brand","embeddable":true,"href":"https:\/\/latinhg.com\/es\/wp-json\/wp\/v2\/product_brand?post=613"},{"taxonomy":"product_cat","embeddable":true,"href":"https:\/\/latinhg.com\/es\/wp-json\/wp\/v2\/product_cat?post=613"},{"taxonomy":"product_tag","embeddable":true,"href":"https:\/\/latinhg.com\/es\/wp-json\/wp\/v2\/product_tag?post=613"}],"curies":[{"name":"wp","href":"https:\/\/api.w.org\/{rel}","templated":true}]}}