{"id":609,"date":"2025-08-11T18:24:16","date_gmt":"2025-08-11T18:24:16","guid":{"rendered":"https:\/\/latinhg.com\/?post_type=product&#038;p=609"},"modified":"2025-09-26T05:18:27","modified_gmt":"2025-09-26T05:18:27","slug":"panos-abdominales","status":"publish","type":"product","link":"https:\/\/latinhg.com\/es\/product\/panos-abdominales\/","title":{"rendered":"Pa\u00f1os abdominales"},"content":{"rendered":"<div class=\"card-container\">\n<div class=\"card cirugia-card animated\" data-appear-anim-style=\"fadeIn\">\n<div class=\"card-body producto-card-body-style\">\n<div id=\"accordion-21270\">\n<div class=\"card card-mas-info\">\n<div id=\"accordion-21270-item-1\" class=\"collapse show\" aria-labelledby=\"heading1\" data-parent=\"#accordion-21270\">\n<div class=\"card-body card-body-bloc-9-style\">\n<p>Medical Action es el l\u00edder en el mercado de Pa\u00f1os Abdominales en los Estados Unidos. La calidad de los pa\u00f1os abdominales fabricados por esta empresa lo han convertido en el n\u00famero 1.\u00a0Esterilizados con rayos gamma no con Di\u00f3xido de Etileno. Debido a las altas energ\u00edas que poseen, los rayos gamma constituyen un tipo de radiaci\u00f3n ionizante capaz de penetrar en la materia m\u00e1s profundamente.<\/p>\n<\/div>\n<\/div>\n<\/div>\n<\/div>\n<\/div>\n<\/div>\n<\/div>\n<div class=\"card-container\">\n<div class=\"card cirugia-card animated\" data-appear-anim-style=\"fadeIn\"><a href=\"https:\/\/latinhg.com\/wp-content\/uploads\/2025\/08\/suministros_para_salas_de_cirugia_medical_action.pdf\">PDF &#8211; Suministros para sala de cirug\u00eda<\/a><\/div>\n<\/div>\n","protected":false},"excerpt":{"rendered":"<p>Medical Action es el l\u00edder en el mercado de Pa\u00f1os Abdominales en los Estados Unidos. La calidad de los pa\u00f1os abdominales fabricados por esta empresa lo han convertido en el n\u00famero 1.\u00a0Esterilizados con rayos gamma no con Di\u00f3xido de Etileno. Debido a las altas energ\u00edas que poseen, los rayos gamma constituyen un tipo de radiaci\u00f3n [&hellip;]<\/p>\n","protected":false},"featured_media":610,"template":"","meta":{"_acf_changed":false,"inline_featured_image":false},"pwb-brand":[],"product_brand":[65],"product_cat":[57,96],"product_tag":[],"class_list":{"0":"post-609","1":"product","2":"type-product","3":"status-publish","4":"has-post-thumbnail","6":"product_brand-medical-action","7":"product_cat-cirugia","8":"product_cat-medical-action-cirugia","10":"first","11":"instock","12":"shipping-taxable","13":"product-type-simple"},"acf":[],"brands":[],"_links":{"self":[{"href":"https:\/\/latinhg.com\/es\/wp-json\/wp\/v2\/product\/609","targetHints":{"allow":["GET"]}}],"collection":[{"href":"https:\/\/latinhg.com\/es\/wp-json\/wp\/v2\/product"}],"about":[{"href":"https:\/\/latinhg.com\/es\/wp-json\/wp\/v2\/types\/product"}],"wp:featuredmedia":[{"embeddable":true,"href":"https:\/\/latinhg.com\/es\/wp-json\/wp\/v2\/media\/610"}],"wp:attachment":[{"href":"https:\/\/latinhg.com\/es\/wp-json\/wp\/v2\/media?parent=609"}],"wp:term":[{"taxonomy":"pwb-brand","embeddable":true,"href":"https:\/\/latinhg.com\/es\/wp-json\/wp\/v2\/pwb-brand?post=609"},{"taxonomy":"product_brand","embeddable":true,"href":"https:\/\/latinhg.com\/es\/wp-json\/wp\/v2\/product_brand?post=609"},{"taxonomy":"product_cat","embeddable":true,"href":"https:\/\/latinhg.com\/es\/wp-json\/wp\/v2\/product_cat?post=609"},{"taxonomy":"product_tag","embeddable":true,"href":"https:\/\/latinhg.com\/es\/wp-json\/wp\/v2\/product_tag?post=609"}],"curies":[{"name":"wp","href":"https:\/\/api.w.org\/{rel}","templated":true}]}}