{"id":606,"date":"2025-08-11T18:20:54","date_gmt":"2025-08-11T18:20:54","guid":{"rendered":"https:\/\/latinhg.com\/?post_type=product&#038;p=606"},"modified":"2025-09-26T05:18:27","modified_gmt":"2025-09-26T05:18:27","slug":"toallas-de-cirugia","status":"publish","type":"product","link":"https:\/\/latinhg.com\/es\/product\/toallas-de-cirugia\/","title":{"rendered":"Toallas de cirug\u00eda"},"content":{"rendered":"<p>Medical Action es la empresa l\u00edder en el mercado de los Estados Unidos en la fabricaci\u00f3n y venta de Toallas est\u00e9riles y descartables para salas de Cirug\u00eda. La utilizaci\u00f3n de toallas descartables ahorran tiempo y dinero en los procesos de lavado secado y esterilizaci\u00f3n de las toallas de tela corriente. Medical Action ofrece toallas descartables tanto est\u00e9riles como no est\u00e9riles en colores verde, blanco y azul.<\/p>\n<p><a href=\"https:\/\/latinhg.com\/wp-content\/uploads\/2025\/08\/suministros_para_salas_de_cirugia_medical_action.pdf\">PDF &#8211; Suministros para sala de cirug\u00eda<\/a><\/p>\n","protected":false},"excerpt":{"rendered":"<p>Medical Action es la empresa l\u00edder en el mercado de los Estados Unidos en la fabricaci\u00f3n y venta de Toallas est\u00e9riles y descartables para salas de Cirug\u00eda. La utilizaci\u00f3n de toallas descartables ahorran tiempo y dinero en los procesos de lavado secado y esterilizaci\u00f3n de las toallas de tela corriente. Medical Action ofrece toallas descartables [&hellip;]<\/p>\n","protected":false},"featured_media":608,"template":"","meta":{"_acf_changed":false,"inline_featured_image":false},"pwb-brand":[],"product_brand":[65],"product_cat":[57,96],"product_tag":[],"class_list":{"0":"post-606","1":"product","2":"type-product","3":"status-publish","4":"has-post-thumbnail","6":"product_brand-medical-action","7":"product_cat-cirugia","8":"product_cat-medical-action-cirugia","10":"first","11":"instock","12":"shipping-taxable","13":"product-type-simple"},"acf":[],"brands":[],"_links":{"self":[{"href":"https:\/\/latinhg.com\/es\/wp-json\/wp\/v2\/product\/606","targetHints":{"allow":["GET"]}}],"collection":[{"href":"https:\/\/latinhg.com\/es\/wp-json\/wp\/v2\/product"}],"about":[{"href":"https:\/\/latinhg.com\/es\/wp-json\/wp\/v2\/types\/product"}],"wp:featuredmedia":[{"embeddable":true,"href":"https:\/\/latinhg.com\/es\/wp-json\/wp\/v2\/media\/608"}],"wp:attachment":[{"href":"https:\/\/latinhg.com\/es\/wp-json\/wp\/v2\/media?parent=606"}],"wp:term":[{"taxonomy":"pwb-brand","embeddable":true,"href":"https:\/\/latinhg.com\/es\/wp-json\/wp\/v2\/pwb-brand?post=606"},{"taxonomy":"product_brand","embeddable":true,"href":"https:\/\/latinhg.com\/es\/wp-json\/wp\/v2\/product_brand?post=606"},{"taxonomy":"product_cat","embeddable":true,"href":"https:\/\/latinhg.com\/es\/wp-json\/wp\/v2\/product_cat?post=606"},{"taxonomy":"product_tag","embeddable":true,"href":"https:\/\/latinhg.com\/es\/wp-json\/wp\/v2\/product_tag?post=606"}],"curies":[{"name":"wp","href":"https:\/\/api.w.org\/{rel}","templated":true}]}}