{"id":600,"date":"2025-08-11T17:34:27","date_gmt":"2025-08-11T17:34:27","guid":{"rendered":"https:\/\/latinhg.com\/?post_type=product&#038;p=600"},"modified":"2025-09-26T04:57:51","modified_gmt":"2025-09-26T04:57:51","slug":"suturas-laparoscopicas-absorcion-rapida","status":"publish","type":"product","link":"https:\/\/latinhg.com\/es\/product\/suturas-laparoscopicas-absorcion-rapida\/","title":{"rendered":"Suturas laparosc\u00f3picas absorci\u00f3n r\u00e1pida"},"content":{"rendered":"<p>Sutura laparosc\u00f3pica de alta resistencia con barbas o anclas que evitan la necesidad de hacer nudos, sistema de bloque final que ahorra tiempo al cirujano.<br \/>\nTiempo de absorci\u00f3n de 90 &#8211; 120 d\u00edas.<\/p>\n<p><a href=\"https:\/\/latinhg.com\/wp-content\/uploads\/2025\/08\/assut_filbloc.pdf\">PDF &#8211; Suturas laparosc\u00f3picas<\/a><\/p>\n","protected":false},"excerpt":{"rendered":"<p>Sutura laparosc\u00f3pica de alta resistencia con barbas o anclas que evitan la necesidad de hacer nudos, sistema de bloque final que ahorra tiempo al cirujano. Tiempo de absorci\u00f3n de 90 &#8211; 120 d\u00edas. PDF &#8211; Suturas laparosc\u00f3picas<\/p>\n","protected":false},"featured_media":601,"template":"","meta":{"_acf_changed":false,"inline_featured_image":false},"pwb-brand":[],"product_brand":[63],"product_cat":[88,57],"product_tag":[],"class_list":{"0":"post-600","1":"product","2":"type-product","3":"status-publish","4":"has-post-thumbnail","6":"product_brand-assut-europe","7":"product_cat-assut-europe","8":"product_cat-cirugia","10":"first","11":"instock","12":"shipping-taxable","13":"product-type-simple"},"acf":[],"brands":[],"_links":{"self":[{"href":"https:\/\/latinhg.com\/es\/wp-json\/wp\/v2\/product\/600","targetHints":{"allow":["GET"]}}],"collection":[{"href":"https:\/\/latinhg.com\/es\/wp-json\/wp\/v2\/product"}],"about":[{"href":"https:\/\/latinhg.com\/es\/wp-json\/wp\/v2\/types\/product"}],"wp:featuredmedia":[{"embeddable":true,"href":"https:\/\/latinhg.com\/es\/wp-json\/wp\/v2\/media\/601"}],"wp:attachment":[{"href":"https:\/\/latinhg.com\/es\/wp-json\/wp\/v2\/media?parent=600"}],"wp:term":[{"taxonomy":"pwb-brand","embeddable":true,"href":"https:\/\/latinhg.com\/es\/wp-json\/wp\/v2\/pwb-brand?post=600"},{"taxonomy":"product_brand","embeddable":true,"href":"https:\/\/latinhg.com\/es\/wp-json\/wp\/v2\/product_brand?post=600"},{"taxonomy":"product_cat","embeddable":true,"href":"https:\/\/latinhg.com\/es\/wp-json\/wp\/v2\/product_cat?post=600"},{"taxonomy":"product_tag","embeddable":true,"href":"https:\/\/latinhg.com\/es\/wp-json\/wp\/v2\/product_tag?post=600"}],"curies":[{"name":"wp","href":"https:\/\/api.w.org\/{rel}","templated":true}]}}