{"id":588,"date":"2025-08-11T17:24:37","date_gmt":"2025-08-11T17:24:37","guid":{"rendered":"https:\/\/latinhg.com\/?post_type=product&#038;p=588"},"modified":"2025-09-26T05:02:47","modified_gmt":"2025-09-26T05:02:47","slug":"paquetes-campos-quirurgicos-cobertores-para-equipo","status":"publish","type":"product","link":"https:\/\/latinhg.com\/es\/product\/paquetes-campos-quirurgicos-cobertores-para-equipo\/","title":{"rendered":"Paquetes Campos Quir\u00fargicos Cobertores para Equipo"},"content":{"rendered":"<p>Cobertores para mesa de Mayo, cubremesas de instrumentos, pantallas de aislamiento, fundas para reposabrazos y protectores de instrumentos y otras opciones para proteger al personal y a los pacientes en su quir\u00f3fano.<\/p>\n<ul class=\"bullets-padding-left\">\n<li>Tejido HALYARD BASICS* flexible.<\/li>\n<li>Disponible en una variedad de tama\u00f1os.<\/li>\n<li>Menos pelusa &#8211; para reducir el riesgo de contaminaci\u00f3n de la herida.<\/li>\n<li>El refuerzo CONTROL* le proporciona una gesti\u00f3n \u00f3ptima de los fluidos.<\/li>\n<li>El refuerzo no contiene fibras de celulosa.<\/li>\n<\/ul>\n<p><a href=\"https:\/\/latinhg.com\/wp-content\/uploads\/2025\/08\/pcq_cobertor_equipos.pdf\">PDF &#8211; Paquetes Campos Quir\u00fargicos Cobertores para Equipo<\/a><\/p>\n","protected":false},"excerpt":{"rendered":"<p>Cobertores para mesa de Mayo, cubremesas de instrumentos, pantallas de aislamiento, fundas para reposabrazos y protectores de instrumentos y otras opciones para proteger al personal y a los pacientes en su quir\u00f3fano. Tejido HALYARD BASICS* flexible. Disponible en una variedad de tama\u00f1os. Menos pelusa &#8211; para reducir el riesgo de contaminaci\u00f3n de la herida. El [&hellip;]<\/p>\n","protected":false},"featured_media":590,"template":"","meta":{"_acf_changed":false,"inline_featured_image":false},"pwb-brand":[],"product_brand":[59],"product_cat":[57,91],"product_tag":[],"class_list":{"0":"post-588","1":"product","2":"type-product","3":"status-publish","4":"has-post-thumbnail","6":"product_brand-halyard","7":"product_cat-cirugia","8":"product_cat-halyard-cirugia","10":"first","11":"instock","12":"shipping-taxable","13":"product-type-simple"},"acf":[],"brands":[],"_links":{"self":[{"href":"https:\/\/latinhg.com\/es\/wp-json\/wp\/v2\/product\/588","targetHints":{"allow":["GET"]}}],"collection":[{"href":"https:\/\/latinhg.com\/es\/wp-json\/wp\/v2\/product"}],"about":[{"href":"https:\/\/latinhg.com\/es\/wp-json\/wp\/v2\/types\/product"}],"wp:featuredmedia":[{"embeddable":true,"href":"https:\/\/latinhg.com\/es\/wp-json\/wp\/v2\/media\/590"}],"wp:attachment":[{"href":"https:\/\/latinhg.com\/es\/wp-json\/wp\/v2\/media?parent=588"}],"wp:term":[{"taxonomy":"pwb-brand","embeddable":true,"href":"https:\/\/latinhg.com\/es\/wp-json\/wp\/v2\/pwb-brand?post=588"},{"taxonomy":"product_brand","embeddable":true,"href":"https:\/\/latinhg.com\/es\/wp-json\/wp\/v2\/product_brand?post=588"},{"taxonomy":"product_cat","embeddable":true,"href":"https:\/\/latinhg.com\/es\/wp-json\/wp\/v2\/product_cat?post=588"},{"taxonomy":"product_tag","embeddable":true,"href":"https:\/\/latinhg.com\/es\/wp-json\/wp\/v2\/product_tag?post=588"}],"curies":[{"name":"wp","href":"https:\/\/api.w.org\/{rel}","templated":true}]}}