{"id":582,"date":"2025-08-11T17:19:45","date_gmt":"2025-08-11T17:19:45","guid":{"rendered":"https:\/\/latinhg.com\/?post_type=product&#038;p=582"},"modified":"2025-09-26T05:02:48","modified_gmt":"2025-09-26T05:02:48","slug":"paquetes-campos-quirurgicos-cateterismo-cardiaco-y-radiologia","status":"publish","type":"product","link":"https:\/\/latinhg.com\/es\/product\/paquetes-campos-quirurgicos-cateterismo-cardiaco-y-radiologia\/","title":{"rendered":"Paquetes Campos Quir\u00fargicos Cateterismo Card\u00edaco y Radiolog\u00eda"},"content":{"rendered":"<p>Como l\u00edder reconocido en el desarrollo de tejidos m\u00e9dicos de alto rendimiento, Halyard Health posee m\u00e1s de 650 patentes de materiales no tejidos avanzados.<br \/>\n<strong>Nuestras cortinas brindan el equilibrio cr\u00edtico de propiedades que requiere su exigente trabajo.<br \/>\n<\/strong><\/p>\n<ul class=\"bullets-padding-left\">\n<li>La tela de refuerzo CONTROL* Plus brinda la calificaci\u00f3n m\u00e1s alta de resistencia a las llamas y resistencia a la ignici\u00f3n por l\u00e1ser.<\/li>\n<li>Tejido resistente a la abrasi\u00f3n y con poca pelusa.<\/li>\n<li>Tejido resistente al desgarro y al tachado.<\/li>\n<li>Los campos quir\u00fargicos con tela de refuerzo CONTROL* Plus cumplen con los requisitos de prueba de rendimiento de barrera l\u00edquida AAMI Nivel 4.<\/li>\n<\/ul>\n<p><a href=\"https:\/\/latinhg.com\/wp-content\/uploads\/2025\/08\/pcq_cateterismo_cardiaco_radiologia.pdf\">PDF &#8211; Paquetes Campos Quir\u00fargicos Cateterismo Card\u00edaco y Radiolog\u00eda<\/a><\/p>\n","protected":false},"excerpt":{"rendered":"<p>Como l\u00edder reconocido en el desarrollo de tejidos m\u00e9dicos de alto rendimiento, Halyard Health posee m\u00e1s de 650 patentes de materiales no tejidos avanzados. Nuestras cortinas brindan el equilibrio cr\u00edtico de propiedades que requiere su exigente trabajo. La tela de refuerzo CONTROL* Plus brinda la calificaci\u00f3n m\u00e1s alta de resistencia a las llamas y resistencia [&hellip;]<\/p>\n","protected":false},"featured_media":584,"template":"","meta":{"_acf_changed":false,"inline_featured_image":false},"pwb-brand":[],"product_brand":[59],"product_cat":[57,91],"product_tag":[],"class_list":{"0":"post-582","1":"product","2":"type-product","3":"status-publish","4":"has-post-thumbnail","6":"product_brand-halyard","7":"product_cat-cirugia","8":"product_cat-halyard-cirugia","10":"first","11":"instock","12":"shipping-taxable","13":"product-type-simple"},"acf":[],"brands":[],"_links":{"self":[{"href":"https:\/\/latinhg.com\/es\/wp-json\/wp\/v2\/product\/582","targetHints":{"allow":["GET"]}}],"collection":[{"href":"https:\/\/latinhg.com\/es\/wp-json\/wp\/v2\/product"}],"about":[{"href":"https:\/\/latinhg.com\/es\/wp-json\/wp\/v2\/types\/product"}],"wp:featuredmedia":[{"embeddable":true,"href":"https:\/\/latinhg.com\/es\/wp-json\/wp\/v2\/media\/584"}],"wp:attachment":[{"href":"https:\/\/latinhg.com\/es\/wp-json\/wp\/v2\/media?parent=582"}],"wp:term":[{"taxonomy":"pwb-brand","embeddable":true,"href":"https:\/\/latinhg.com\/es\/wp-json\/wp\/v2\/pwb-brand?post=582"},{"taxonomy":"product_brand","embeddable":true,"href":"https:\/\/latinhg.com\/es\/wp-json\/wp\/v2\/product_brand?post=582"},{"taxonomy":"product_cat","embeddable":true,"href":"https:\/\/latinhg.com\/es\/wp-json\/wp\/v2\/product_cat?post=582"},{"taxonomy":"product_tag","embeddable":true,"href":"https:\/\/latinhg.com\/es\/wp-json\/wp\/v2\/product_tag?post=582"}],"curies":[{"name":"wp","href":"https:\/\/api.w.org\/{rel}","templated":true}]}}