{"id":578,"date":"2025-08-11T17:16:29","date_gmt":"2025-08-11T17:16:29","guid":{"rendered":"https:\/\/latinhg.com\/?post_type=product&#038;p=578"},"modified":"2025-09-26T05:02:48","modified_gmt":"2025-09-26T05:02:48","slug":"paquetes-campos-quirurgicos-cateter-venoso-central-cvc","status":"publish","type":"product","link":"https:\/\/latinhg.com\/es\/product\/paquetes-campos-quirurgicos-cateter-venoso-central-cvc\/","title":{"rendered":"Paquetes Campos Quir\u00fargicos Cat\u00e9ter Venoso Central (CVC)"},"content":{"rendered":"<p>Nuestros pa\u00f1os y paquetes brindan una cobertura completa \u00abde la cabeza a los pies\u00bb para la colocaci\u00f3n de l\u00edneas en el acceso yugular, subclavio y braquial.<br \/>\nIncluyen las siguientes caracter\u00edsticas:<\/p>\n<ul class=\"bullets-padding-left\">\n<li>Una pel\u00edcula transparente alrededor de la fenestraci\u00f3n brinda espacio para ver\/tocar la vena para la colocaci\u00f3n.<\/li>\n<li>Acceso doble en pa\u00f1os PICC para colocaci\u00f3n braquial derecha o izquierda.<\/li>\n<li>CONTROL* Plus Refuerzo para absorber el exceso de l\u00edquido en el sitio de colocaci\u00f3n.<\/li>\n<li>Tejido resistente a la abrasi\u00f3n y con poca pelusa.<\/li>\n<li>Rendimiento de barrera l\u00edquida AAMI Nivel 4 (dise\u00f1os no perforados).<\/li>\n<\/ul>\n<p><a href=\"https:\/\/latinhg.com\/wp-content\/uploads\/2025\/08\/pcq_cateteres_central.pdf\">PDF &#8211; Paquetes Campos Quir\u00fargicos Cat\u00e9ter Venoso Central (CVC)<\/a><\/p>\n","protected":false},"excerpt":{"rendered":"<p>Nuestros pa\u00f1os y paquetes brindan una cobertura completa \u00abde la cabeza a los pies\u00bb para la colocaci\u00f3n de l\u00edneas en el acceso yugular, subclavio y braquial. Incluyen las siguientes caracter\u00edsticas: Una pel\u00edcula transparente alrededor de la fenestraci\u00f3n brinda espacio para ver\/tocar la vena para la colocaci\u00f3n. Acceso doble en pa\u00f1os PICC para colocaci\u00f3n braquial derecha [&hellip;]<\/p>\n","protected":false},"featured_media":581,"template":"","meta":{"_acf_changed":false,"inline_featured_image":false},"pwb-brand":[],"product_brand":[59],"product_cat":[57,91],"product_tag":[],"class_list":{"0":"post-578","1":"product","2":"type-product","3":"status-publish","4":"has-post-thumbnail","6":"product_brand-halyard","7":"product_cat-cirugia","8":"product_cat-halyard-cirugia","10":"first","11":"instock","12":"shipping-taxable","13":"product-type-simple"},"acf":[],"brands":[],"_links":{"self":[{"href":"https:\/\/latinhg.com\/es\/wp-json\/wp\/v2\/product\/578","targetHints":{"allow":["GET"]}}],"collection":[{"href":"https:\/\/latinhg.com\/es\/wp-json\/wp\/v2\/product"}],"about":[{"href":"https:\/\/latinhg.com\/es\/wp-json\/wp\/v2\/types\/product"}],"wp:featuredmedia":[{"embeddable":true,"href":"https:\/\/latinhg.com\/es\/wp-json\/wp\/v2\/media\/581"}],"wp:attachment":[{"href":"https:\/\/latinhg.com\/es\/wp-json\/wp\/v2\/media?parent=578"}],"wp:term":[{"taxonomy":"pwb-brand","embeddable":true,"href":"https:\/\/latinhg.com\/es\/wp-json\/wp\/v2\/pwb-brand?post=578"},{"taxonomy":"product_brand","embeddable":true,"href":"https:\/\/latinhg.com\/es\/wp-json\/wp\/v2\/product_brand?post=578"},{"taxonomy":"product_cat","embeddable":true,"href":"https:\/\/latinhg.com\/es\/wp-json\/wp\/v2\/product_cat?post=578"},{"taxonomy":"product_tag","embeddable":true,"href":"https:\/\/latinhg.com\/es\/wp-json\/wp\/v2\/product_tag?post=578"}],"curies":[{"name":"wp","href":"https:\/\/api.w.org\/{rel}","templated":true}]}}