{"id":575,"date":"2025-08-11T17:13:34","date_gmt":"2025-08-11T17:13:34","guid":{"rendered":"https:\/\/latinhg.com\/?post_type=product&#038;p=575"},"modified":"2025-09-26T05:02:48","modified_gmt":"2025-09-26T05:02:48","slug":"paquetes-campos-quirurgicos-cardiovasculares","status":"publish","type":"product","link":"https:\/\/latinhg.com\/es\/product\/paquetes-campos-quirurgicos-cardiovasculares\/","title":{"rendered":"Paquetes Campos Quir\u00fargicos Cardiovasculares"},"content":{"rendered":"<p>Disponible para la gama completa de procedimientos cardiovasculares.\u00a0Los campos cardiovasculares Halyard Health brindan la fuerza, la versatilidad y la eficiencia necesarias para las demandas cr\u00edticas de la cirug\u00eda cardiovascular.<br \/>\n<strong>Los pa\u00f1os m\u00e9dicos Halyard Health est\u00e1n desarrollados para protegerlo a usted y a sus pacientes.<\/strong><br \/>\nIncluyen las siguientes caracter\u00edsticas:<\/p>\n<ul class=\"bullets-padding-left\">\n<li>Clasificaci\u00f3n m\u00e1xima de resistencia a la llama para uso cerca de l\u00e1seres y otros instrumentos el\u00e9ctricos.<\/li>\n<li>Tela que es resistente al desgarro, al traspaso y a la abrasi\u00f3n mientras proporciona una sujeci\u00f3n segura de l\u00edneas y tubos.<\/li>\n<li>Menos generaci\u00f3n de pelusas que otros pa\u00f1os para reducir el riesgo de transmisi\u00f3n de bacterias en el aire \u00c1reas de incisi\u00f3n que aseguran r\u00e1pida y f\u00e1cilmente al paciente.<\/li>\n<li>Cubiertas de apoyabrazos para cobertura adicional.<\/li>\n<\/ul>\n<p><a href=\"https:\/\/latinhg.com\/wp-content\/uploads\/2025\/08\/pcq_cardiovasculares.pdf\">PDF &#8211; Paquetes Campos Quir\u00fargicos Cardiovasculares<\/a><\/p>\n","protected":false},"excerpt":{"rendered":"<p>Disponible para la gama completa de procedimientos cardiovasculares.\u00a0Los campos cardiovasculares Halyard Health brindan la fuerza, la versatilidad y la eficiencia necesarias para las demandas cr\u00edticas de la cirug\u00eda cardiovascular. Los pa\u00f1os m\u00e9dicos Halyard Health est\u00e1n desarrollados para protegerlo a usted y a sus pacientes. Incluyen las siguientes caracter\u00edsticas: Clasificaci\u00f3n m\u00e1xima de resistencia a la llama [&hellip;]<\/p>\n","protected":false},"featured_media":577,"template":"","meta":{"_acf_changed":false,"inline_featured_image":false},"pwb-brand":[],"product_brand":[59],"product_cat":[57,91],"product_tag":[],"class_list":{"0":"post-575","1":"product","2":"type-product","3":"status-publish","4":"has-post-thumbnail","6":"product_brand-halyard","7":"product_cat-cirugia","8":"product_cat-halyard-cirugia","10":"first","11":"instock","12":"shipping-taxable","13":"product-type-simple"},"acf":[],"brands":[],"_links":{"self":[{"href":"https:\/\/latinhg.com\/es\/wp-json\/wp\/v2\/product\/575","targetHints":{"allow":["GET"]}}],"collection":[{"href":"https:\/\/latinhg.com\/es\/wp-json\/wp\/v2\/product"}],"about":[{"href":"https:\/\/latinhg.com\/es\/wp-json\/wp\/v2\/types\/product"}],"wp:featuredmedia":[{"embeddable":true,"href":"https:\/\/latinhg.com\/es\/wp-json\/wp\/v2\/media\/577"}],"wp:attachment":[{"href":"https:\/\/latinhg.com\/es\/wp-json\/wp\/v2\/media?parent=575"}],"wp:term":[{"taxonomy":"pwb-brand","embeddable":true,"href":"https:\/\/latinhg.com\/es\/wp-json\/wp\/v2\/pwb-brand?post=575"},{"taxonomy":"product_brand","embeddable":true,"href":"https:\/\/latinhg.com\/es\/wp-json\/wp\/v2\/product_brand?post=575"},{"taxonomy":"product_cat","embeddable":true,"href":"https:\/\/latinhg.com\/es\/wp-json\/wp\/v2\/product_cat?post=575"},{"taxonomy":"product_tag","embeddable":true,"href":"https:\/\/latinhg.com\/es\/wp-json\/wp\/v2\/product_tag?post=575"}],"curies":[{"name":"wp","href":"https:\/\/api.w.org\/{rel}","templated":true}]}}