{"id":572,"date":"2025-08-11T17:11:23","date_gmt":"2025-08-11T17:11:23","guid":{"rendered":"https:\/\/latinhg.com\/?post_type=product&#038;p=572"},"modified":"2025-09-26T05:02:49","modified_gmt":"2025-09-26T05:02:49","slug":"paquetes-campos-quirurgicos-ojos-y-otorrinolaringologia","status":"publish","type":"product","link":"https:\/\/latinhg.com\/es\/product\/paquetes-campos-quirurgicos-ojos-y-otorrinolaringologia\/","title":{"rendered":"Paquetes Campos Quir\u00fargicos Ojos y Otorrinolaringolog\u00eda"},"content":{"rendered":"<p>Disponible para la gama completa de cirug\u00eda por encima de los hombros.\u00a0Halyard Health tiene sistemas de drapeado flexibles que ofrecen un mejor control de fluidos y una mayor comodidad para el paciente en cirug\u00edas oft\u00e1lmicas, neurol\u00f3gicas y de otro tipo que involucran la cabeza y el cuello.<br \/>\n<strong>Las cortinas Halyard Health est\u00e1n dise\u00f1adas para brindarle a usted y a sus pacientes una preocupaci\u00f3n menos.<\/strong><br \/>\nIncluyen las siguientes caracter\u00edsticas:<\/p>\n<ul class=\"bullets-padding-left\">\n<li>Clasificaci\u00f3n m\u00e1xima de resistencia a la llama.<\/li>\n<li>Generaci\u00f3n de baja pelusa para reducir el riesgo de transmisi\u00f3n bacteriana en el aire.<\/li>\n<li>Campos oculares dise\u00f1ados con una exclusiva bolsa de contenci\u00f3n de fluidos en forma de U que ayuda a reducir la exposici\u00f3n durante la facoemulsificaci\u00f3n y otros procedimientos intensivos en fluidos y puede usarse para el ojo izquierdo o derecho.<\/li>\n<li>Las ofertas de productos incluyen incisi\u00f3n completa o fenestrada.<\/li>\n<\/ul>\n<p><a href=\"https:\/\/latinhg.com\/wp-content\/uploads\/2025\/08\/pcq_ojos_otorrinolaringologia_orl.pdf\">PDF &#8211; Paquetes Campos Quir\u00fargicos Ojos y Otorrinolaringolog\u00eda<\/a><\/p>\n","protected":false},"excerpt":{"rendered":"<p>Disponible para la gama completa de cirug\u00eda por encima de los hombros.\u00a0Halyard Health tiene sistemas de drapeado flexibles que ofrecen un mejor control de fluidos y una mayor comodidad para el paciente en cirug\u00edas oft\u00e1lmicas, neurol\u00f3gicas y de otro tipo que involucran la cabeza y el cuello. Las cortinas Halyard Health est\u00e1n dise\u00f1adas para brindarle [&hellip;]<\/p>\n","protected":false},"featured_media":574,"template":"","meta":{"_acf_changed":false,"inline_featured_image":false},"pwb-brand":[],"product_brand":[59],"product_cat":[57,91],"product_tag":[],"class_list":{"0":"post-572","1":"product","2":"type-product","3":"status-publish","4":"has-post-thumbnail","6":"product_brand-halyard","7":"product_cat-cirugia","8":"product_cat-halyard-cirugia","10":"first","11":"instock","12":"shipping-taxable","13":"product-type-simple"},"acf":[],"brands":[],"_links":{"self":[{"href":"https:\/\/latinhg.com\/es\/wp-json\/wp\/v2\/product\/572","targetHints":{"allow":["GET"]}}],"collection":[{"href":"https:\/\/latinhg.com\/es\/wp-json\/wp\/v2\/product"}],"about":[{"href":"https:\/\/latinhg.com\/es\/wp-json\/wp\/v2\/types\/product"}],"wp:featuredmedia":[{"embeddable":true,"href":"https:\/\/latinhg.com\/es\/wp-json\/wp\/v2\/media\/574"}],"wp:attachment":[{"href":"https:\/\/latinhg.com\/es\/wp-json\/wp\/v2\/media?parent=572"}],"wp:term":[{"taxonomy":"pwb-brand","embeddable":true,"href":"https:\/\/latinhg.com\/es\/wp-json\/wp\/v2\/pwb-brand?post=572"},{"taxonomy":"product_brand","embeddable":true,"href":"https:\/\/latinhg.com\/es\/wp-json\/wp\/v2\/product_brand?post=572"},{"taxonomy":"product_cat","embeddable":true,"href":"https:\/\/latinhg.com\/es\/wp-json\/wp\/v2\/product_cat?post=572"},{"taxonomy":"product_tag","embeddable":true,"href":"https:\/\/latinhg.com\/es\/wp-json\/wp\/v2\/product_tag?post=572"}],"curies":[{"name":"wp","href":"https:\/\/api.w.org\/{rel}","templated":true}]}}