{"id":562,"date":"2025-08-11T17:03:27","date_gmt":"2025-08-11T17:03:27","guid":{"rendered":"https:\/\/latinhg.com\/?post_type=product&#038;p=562"},"modified":"2025-09-26T05:02:49","modified_gmt":"2025-09-26T05:02:49","slug":"paquetes-campos-quirurgicos-obstetricia-y-cesareas","status":"publish","type":"product","link":"https:\/\/latinhg.com\/es\/product\/paquetes-campos-quirurgicos-obstetricia-y-cesareas\/","title":{"rendered":"Paquetes Campos Quir\u00fargicos Obstetricia y Cesa\u0301reas"},"content":{"rendered":"<p>Disponible para la gama completa de procedimientos obst\u00e9tricos y ginecol\u00f3gicos.\u00a0Halyard Health tiene productos de cobertura excepcionales que ofrecen un manejo efectivo de fluidos para procedimientos obst\u00e9tricos, ginecol\u00f3gicos y de ces\u00e1rea.\u00a0Proporcionan una recolecci\u00f3n de fluidos eficaz con una f\u00e1cil limpieza y eliminaci\u00f3n, a la vez que reducen el riesgo de contacto del personal y del paciente con la sangre y los fluidos corporales.<br \/>\n<strong>Las cortinas sanitarias de Halyard est\u00e1n dise\u00f1adas para brindarle a usted y a sus pacientes una preocupaci\u00f3n menos.<\/strong><br \/>\nIncluyen las siguientes caracter\u00edsticas:<\/p>\n<ul class=\"bullets-padding-left\">\n<li>M\u00e1xima clasificaci\u00f3n de resistencia a las llamas Baja generaci\u00f3n de pelusas para reducir el riesgo de transmisi\u00f3n bacteriana en el aire.<\/li>\n<li>Tejido suave y c\u00f3modo que resiste el traspaso.<\/li>\n<li>Bolsas de recolecci\u00f3n de fluidos y drenaje de succi\u00f3n para eliminaci\u00f3n de fluidos.<\/li>\n<\/ul>\n<p><a href=\"https:\/\/latinhg.com\/wp-content\/uploads\/2025\/08\/pcq_obstetricia_cesareas.pdf\">PDF &#8211; Paquetes Campos Quir\u00fargicos Obstetricia y Cesa\u0301reas<\/a><\/p>\n","protected":false},"excerpt":{"rendered":"<p>Disponible para la gama completa de procedimientos obst\u00e9tricos y ginecol\u00f3gicos.\u00a0Halyard Health tiene productos de cobertura excepcionales que ofrecen un manejo efectivo de fluidos para procedimientos obst\u00e9tricos, ginecol\u00f3gicos y de ces\u00e1rea.\u00a0Proporcionan una recolecci\u00f3n de fluidos eficaz con una f\u00e1cil limpieza y eliminaci\u00f3n, a la vez que reducen el riesgo de contacto del personal y del paciente [&hellip;]<\/p>\n","protected":false},"featured_media":564,"template":"","meta":{"_acf_changed":false,"inline_featured_image":false},"pwb-brand":[],"product_brand":[59],"product_cat":[57,91],"product_tag":[],"class_list":{"0":"post-562","1":"product","2":"type-product","3":"status-publish","4":"has-post-thumbnail","6":"product_brand-halyard","7":"product_cat-cirugia","8":"product_cat-halyard-cirugia","10":"first","11":"instock","12":"shipping-taxable","13":"product-type-simple"},"acf":[],"brands":[],"_links":{"self":[{"href":"https:\/\/latinhg.com\/es\/wp-json\/wp\/v2\/product\/562","targetHints":{"allow":["GET"]}}],"collection":[{"href":"https:\/\/latinhg.com\/es\/wp-json\/wp\/v2\/product"}],"about":[{"href":"https:\/\/latinhg.com\/es\/wp-json\/wp\/v2\/types\/product"}],"wp:featuredmedia":[{"embeddable":true,"href":"https:\/\/latinhg.com\/es\/wp-json\/wp\/v2\/media\/564"}],"wp:attachment":[{"href":"https:\/\/latinhg.com\/es\/wp-json\/wp\/v2\/media?parent=562"}],"wp:term":[{"taxonomy":"pwb-brand","embeddable":true,"href":"https:\/\/latinhg.com\/es\/wp-json\/wp\/v2\/pwb-brand?post=562"},{"taxonomy":"product_brand","embeddable":true,"href":"https:\/\/latinhg.com\/es\/wp-json\/wp\/v2\/product_brand?post=562"},{"taxonomy":"product_cat","embeddable":true,"href":"https:\/\/latinhg.com\/es\/wp-json\/wp\/v2\/product_cat?post=562"},{"taxonomy":"product_tag","embeddable":true,"href":"https:\/\/latinhg.com\/es\/wp-json\/wp\/v2\/product_tag?post=562"}],"curies":[{"name":"wp","href":"https:\/\/api.w.org\/{rel}","templated":true}]}}