{"id":559,"date":"2025-08-11T16:57:58","date_gmt":"2025-08-11T16:57:58","guid":{"rendered":"https:\/\/latinhg.com\/?post_type=product&#038;p=559"},"modified":"2025-09-26T05:02:50","modified_gmt":"2025-09-26T05:02:50","slug":"paquetes-campos-quirurgicos-ortopedia","status":"publish","type":"product","link":"https:\/\/latinhg.com\/es\/product\/paquetes-campos-quirurgicos-ortopedia\/","title":{"rendered":"Paquetes Campos Quir\u00fargicos Ortopedia"},"content":{"rendered":"<p>Los campos ortop\u00e9dicos Halyard Health ofrecen la combinaci\u00f3n \u00f3ptima de caracter\u00edsticas para satisfacer las rigurosas demandas de la cirug\u00eda ortop\u00e9dica, desde procedimientos de manos hasta reemplazos de cadera.\u00a0Fabricadas con tela resistente, estas cortinas pueden eliminar la necesidad de costosas capas de cortinas.<br \/>\n<strong>Los campos de Halyard est\u00e1n desarrollados para protegerlo a usted y a sus pacientes.<\/strong><br \/>\nIncluyen las siguientes caracter\u00edsticas:<\/p>\n<ul class=\"bullets-padding-left\">\n<li>M\u00e1xima clasificaci\u00f3n de resistencia a las llamas para usar cerca de l\u00e1seres y otros instrumentos el\u00e9ctricos.<\/li>\n<li>Tejido resistente al desgarro, al traspaso y a la abrasi\u00f3n, al mismo tiempo que proporciona una conexi\u00f3n segura de l\u00edneas y tubos.<\/li>\n<li>Mucha menos pelusa. que otros pa\u00f1os para reducir el riesgo de transmisi\u00f3n de bacterias en el aire.<\/li>\n<li>Bolsas de recolecci\u00f3n de fluidos.<\/li>\n<li>Fundas de brazo para una cobertura adicional.<\/li>\n<\/ul>\n<p><a href=\"https:\/\/latinhg.com\/wp-content\/uploads\/2025\/08\/pcq_ortopedia.pdf\">PDF &#8211; Paquetes Campos Quir\u00fargicos Ortopedia<\/a><\/p>\n","protected":false},"excerpt":{"rendered":"<p>Los campos ortop\u00e9dicos Halyard Health ofrecen la combinaci\u00f3n \u00f3ptima de caracter\u00edsticas para satisfacer las rigurosas demandas de la cirug\u00eda ortop\u00e9dica, desde procedimientos de manos hasta reemplazos de cadera.\u00a0Fabricadas con tela resistente, estas cortinas pueden eliminar la necesidad de costosas capas de cortinas. Los campos de Halyard est\u00e1n desarrollados para protegerlo a usted y a sus [&hellip;]<\/p>\n","protected":false},"featured_media":561,"template":"","meta":{"_acf_changed":false,"inline_featured_image":false},"pwb-brand":[],"product_brand":[59],"product_cat":[57,91],"product_tag":[],"class_list":{"0":"post-559","1":"product","2":"type-product","3":"status-publish","4":"has-post-thumbnail","6":"product_brand-halyard","7":"product_cat-cirugia","8":"product_cat-halyard-cirugia","10":"first","11":"instock","12":"shipping-taxable","13":"product-type-simple"},"acf":[],"brands":[],"_links":{"self":[{"href":"https:\/\/latinhg.com\/es\/wp-json\/wp\/v2\/product\/559","targetHints":{"allow":["GET"]}}],"collection":[{"href":"https:\/\/latinhg.com\/es\/wp-json\/wp\/v2\/product"}],"about":[{"href":"https:\/\/latinhg.com\/es\/wp-json\/wp\/v2\/types\/product"}],"wp:featuredmedia":[{"embeddable":true,"href":"https:\/\/latinhg.com\/es\/wp-json\/wp\/v2\/media\/561"}],"wp:attachment":[{"href":"https:\/\/latinhg.com\/es\/wp-json\/wp\/v2\/media?parent=559"}],"wp:term":[{"taxonomy":"pwb-brand","embeddable":true,"href":"https:\/\/latinhg.com\/es\/wp-json\/wp\/v2\/pwb-brand?post=559"},{"taxonomy":"product_brand","embeddable":true,"href":"https:\/\/latinhg.com\/es\/wp-json\/wp\/v2\/product_brand?post=559"},{"taxonomy":"product_cat","embeddable":true,"href":"https:\/\/latinhg.com\/es\/wp-json\/wp\/v2\/product_cat?post=559"},{"taxonomy":"product_tag","embeddable":true,"href":"https:\/\/latinhg.com\/es\/wp-json\/wp\/v2\/product_tag?post=559"}],"curies":[{"name":"wp","href":"https:\/\/api.w.org\/{rel}","templated":true}]}}