{"id":556,"date":"2025-08-11T16:49:27","date_gmt":"2025-08-11T16:49:27","guid":{"rendered":"https:\/\/latinhg.com\/?post_type=product&#038;p=556"},"modified":"2025-09-26T05:02:50","modified_gmt":"2025-09-26T05:02:50","slug":"paquetes-campos-quirurgicos-cirugia-general","status":"publish","type":"product","link":"https:\/\/latinhg.com\/es\/product\/paquetes-campos-quirurgicos-cirugia-general\/","title":{"rendered":"Paquetes Campos Quir\u00fargicos Cirug\u00eda General"},"content":{"rendered":"<p>Disponibles para la gama completa de procedimientos laparosc\u00f3picos y perineales.\u00a0Halyard Health ofrece una amplia selecci\u00f3n de pa\u00f1os individuales y paquetes quir\u00fargicos, dise\u00f1ados exclusivamente para las necesidades especiales de los procedimientos de litotom\u00eda, endoscopia, laparoscopia, entre otros.\u00a0Nuestras cortinas ofrecen facilidad de aplicaci\u00f3n y control \u00f3ptimo de l\u00edquidos.<br \/>\n<strong>Las cortinas Halyard Health est\u00e1n dise\u00f1adas para brindarle a usted y a sus pacientes una preocupaci\u00f3n menos.<br \/>\n<\/strong>Incluyen las siguientes caracter\u00edsticas:<\/p>\n<ul class=\"bullets-padding-left\">\n<li>M\u00e1xima clasificaci\u00f3n de resistencia a las llamas.<\/li>\n<li>Refuerzo de tela para controlar el escurrimiento de l\u00edquidos.<\/li>\n<li>Baja generaci\u00f3n de pelusa para reducir el riesgo de transmisi\u00f3n bacteriana en el aire.<\/li>\n<li>Resistencia al traspaso del alcohol y otras soluciones de preparaci\u00f3n.<\/li>\n<li>Tela reforzada para reducir el deslizamiento del instrumento o controlar el escurrimiento de fluidos.<\/li>\n<li>Pr\u00e1cticos sistemas de administraci\u00f3n de tubos y l\u00edneas, incluidos canales y ganchos y bucles.<\/li>\n<\/ul>\n<p><a href=\"https:\/\/latinhg.com\/wp-content\/uploads\/2025\/08\/pcq_cirugia_general.pdf\">PDF &#8211; Paquetes Campos Quir\u00fargicos Cirug\u00eda General<\/a><\/p>\n","protected":false},"excerpt":{"rendered":"<p>Disponibles para la gama completa de procedimientos laparosc\u00f3picos y perineales.\u00a0Halyard Health ofrece una amplia selecci\u00f3n de pa\u00f1os individuales y paquetes quir\u00fargicos, dise\u00f1ados exclusivamente para las necesidades especiales de los procedimientos de litotom\u00eda, endoscopia, laparoscopia, entre otros.\u00a0Nuestras cortinas ofrecen facilidad de aplicaci\u00f3n y control \u00f3ptimo de l\u00edquidos. Las cortinas Halyard Health est\u00e1n dise\u00f1adas para brindarle a [&hellip;]<\/p>\n","protected":false},"featured_media":558,"template":"","meta":{"_acf_changed":false,"inline_featured_image":false},"pwb-brand":[],"product_brand":[59],"product_cat":[57,91],"product_tag":[],"class_list":{"0":"post-556","1":"product","2":"type-product","3":"status-publish","4":"has-post-thumbnail","6":"product_brand-halyard","7":"product_cat-cirugia","8":"product_cat-halyard-cirugia","10":"first","11":"instock","12":"shipping-taxable","13":"product-type-simple"},"acf":[],"brands":[],"_links":{"self":[{"href":"https:\/\/latinhg.com\/es\/wp-json\/wp\/v2\/product\/556","targetHints":{"allow":["GET"]}}],"collection":[{"href":"https:\/\/latinhg.com\/es\/wp-json\/wp\/v2\/product"}],"about":[{"href":"https:\/\/latinhg.com\/es\/wp-json\/wp\/v2\/types\/product"}],"wp:featuredmedia":[{"embeddable":true,"href":"https:\/\/latinhg.com\/es\/wp-json\/wp\/v2\/media\/558"}],"wp:attachment":[{"href":"https:\/\/latinhg.com\/es\/wp-json\/wp\/v2\/media?parent=556"}],"wp:term":[{"taxonomy":"pwb-brand","embeddable":true,"href":"https:\/\/latinhg.com\/es\/wp-json\/wp\/v2\/pwb-brand?post=556"},{"taxonomy":"product_brand","embeddable":true,"href":"https:\/\/latinhg.com\/es\/wp-json\/wp\/v2\/product_brand?post=556"},{"taxonomy":"product_cat","embeddable":true,"href":"https:\/\/latinhg.com\/es\/wp-json\/wp\/v2\/product_cat?post=556"},{"taxonomy":"product_tag","embeddable":true,"href":"https:\/\/latinhg.com\/es\/wp-json\/wp\/v2\/product_tag?post=556"}],"curies":[{"name":"wp","href":"https:\/\/api.w.org\/{rel}","templated":true}]}}