{"id":548,"date":"2025-08-11T16:38:00","date_gmt":"2025-08-11T16:38:00","guid":{"rendered":"https:\/\/latinhg.com\/?post_type=product&#038;p=548"},"modified":"2025-09-26T04:54:35","modified_gmt":"2025-09-26T04:54:35","slug":"retractor-abdominal","status":"publish","type":"product","link":"https:\/\/latinhg.com\/es\/product\/retractor-abdominal\/","title":{"rendered":"Retractor abdominal"},"content":{"rendered":"<div id=\"productos-applied\" class=\"bloc tc-1360 l-bloc\">\n<div class=\"container bloc-no-padding-lg bloc-no-padding-md bloc-no-padding-sm bloc-no-padding\">\n<div class=\"row align-items-center\">\n<div class=\"text-lg-left col-flex-cards col\">\n<div class=\"card-container\">\n<div class=\"card cirugia-card animated\" data-appear-anim-style=\"fadeIn\">\n<div class=\"card-body producto-card-body-style\">\n<div id=\"accordion-22981\">\n<div class=\"card card-mas-info\">\n<div id=\"accordion-22981-item-1\" class=\"collapse show\" aria-labelledby=\"heading1\" data-parent=\"#accordion-22981\">\n<div class=\"card-body card-body-bloc-9-style\">\n<p>La marca Alexis es reconocida mundialmente por mejorar los resultados de los pacientes y reducir la infecci\u00f3n superficial del sitio quir\u00fargico. Los productos Alexis est\u00e1n disponibles en numerosas configuraciones para su uso en una amplia gama de especialidades.<\/p>\n<\/div>\n<\/div>\n<\/div>\n<\/div>\n<\/div>\n<\/div>\n<\/div>\n<\/div>\n<\/div>\n<\/div>\n<\/div>\n<div id=\"productos-logo-halyard\" class=\"bloc l-bloc\">\n<div class=\"container bloc-no-padding bloc-no-padding-sm bloc-no-padding-md bloc-no-padding-lg\">\n<div class=\"row align-items-center\">\n<div class=\"text-lg-center text-md-center offset-md-0 col-md-12 offset-lg-0 col-lg-12 col text-center align-self-center\"><a href=\"https:\/\/latinhg.com\/wp-content\/uploads\/2025\/08\/alexis_applied.pdf\">PDF &#8211; Alexis, Retractor abdominal<\/a><\/div>\n<\/div>\n<\/div>\n<\/div>\n","protected":false},"excerpt":{"rendered":"<p>La marca Alexis es reconocida mundialmente por mejorar los resultados de los pacientes y reducir la infecci\u00f3n superficial del sitio quir\u00fargico. Los productos Alexis est\u00e1n disponibles en numerosas configuraciones para su uso en una amplia gama de especialidades. PDF &#8211; Alexis, Retractor abdominal<\/p>\n","protected":false},"featured_media":550,"template":"","meta":{"_acf_changed":false,"inline_featured_image":false},"pwb-brand":[],"product_brand":[58],"product_cat":[87,57],"product_tag":[],"class_list":{"0":"post-548","1":"product","2":"type-product","3":"status-publish","4":"has-post-thumbnail","6":"product_brand-applied-medical","7":"product_cat-applied-medical","8":"product_cat-cirugia","10":"first","11":"instock","12":"shipping-taxable","13":"product-type-simple"},"acf":[],"brands":[],"_links":{"self":[{"href":"https:\/\/latinhg.com\/es\/wp-json\/wp\/v2\/product\/548","targetHints":{"allow":["GET"]}}],"collection":[{"href":"https:\/\/latinhg.com\/es\/wp-json\/wp\/v2\/product"}],"about":[{"href":"https:\/\/latinhg.com\/es\/wp-json\/wp\/v2\/types\/product"}],"wp:featuredmedia":[{"embeddable":true,"href":"https:\/\/latinhg.com\/es\/wp-json\/wp\/v2\/media\/550"}],"wp:attachment":[{"href":"https:\/\/latinhg.com\/es\/wp-json\/wp\/v2\/media?parent=548"}],"wp:term":[{"taxonomy":"pwb-brand","embeddable":true,"href":"https:\/\/latinhg.com\/es\/wp-json\/wp\/v2\/pwb-brand?post=548"},{"taxonomy":"product_brand","embeddable":true,"href":"https:\/\/latinhg.com\/es\/wp-json\/wp\/v2\/product_brand?post=548"},{"taxonomy":"product_cat","embeddable":true,"href":"https:\/\/latinhg.com\/es\/wp-json\/wp\/v2\/product_cat?post=548"},{"taxonomy":"product_tag","embeddable":true,"href":"https:\/\/latinhg.com\/es\/wp-json\/wp\/v2\/product_tag?post=548"}],"curies":[{"name":"wp","href":"https:\/\/api.w.org\/{rel}","templated":true}]}}