{"id":542,"date":"2025-08-11T16:32:16","date_gmt":"2025-08-11T16:32:16","guid":{"rendered":"https:\/\/latinhg.com\/?post_type=product&#038;p=542"},"modified":"2025-09-26T04:54:35","modified_gmt":"2025-09-26T04:54:35","slug":"set-irrigacion-succion","status":"publish","type":"product","link":"https:\/\/latinhg.com\/es\/product\/set-irrigacion-succion\/","title":{"rendered":"Set irrigaci\u00f3n \/ succi\u00f3n"},"content":{"rendered":"<p>La pieza de mano clara y ergon\u00f3mica proporciona un ajuste c\u00f3modo y una vista sin obstrucciones de los canales de trabajo. La evacuaci\u00f3n de humos integrada mantiene la visibilidad y elimina la necesidad de un dispositivo de evacuaci\u00f3n de humos separado.\u00a0El tubo suave y flexible es resistente a enrollarse y colapsarse.<\/p>\n<p><a href=\"https:\/\/latinhg.com\/wp-content\/uploads\/2025\/08\/epix_sistema_irrigacion_applied.pdf\">PDF &#8211; Set irrigacion \/ Succion<\/a><\/p>\n","protected":false},"excerpt":{"rendered":"<p>La pieza de mano clara y ergon\u00f3mica proporciona un ajuste c\u00f3modo y una vista sin obstrucciones de los canales de trabajo. La evacuaci\u00f3n de humos integrada mantiene la visibilidad y elimina la necesidad de un dispositivo de evacuaci\u00f3n de humos separado.\u00a0El tubo suave y flexible es resistente a enrollarse y colapsarse. PDF &#8211; Set irrigacion [&hellip;]<\/p>\n","protected":false},"featured_media":544,"template":"","meta":{"_acf_changed":false,"inline_featured_image":false},"pwb-brand":[],"product_brand":[58],"product_cat":[87,57],"product_tag":[],"class_list":{"0":"post-542","1":"product","2":"type-product","3":"status-publish","4":"has-post-thumbnail","6":"product_brand-applied-medical","7":"product_cat-applied-medical","8":"product_cat-cirugia","10":"first","11":"instock","12":"shipping-taxable","13":"product-type-simple"},"acf":[],"brands":[],"_links":{"self":[{"href":"https:\/\/latinhg.com\/es\/wp-json\/wp\/v2\/product\/542","targetHints":{"allow":["GET"]}}],"collection":[{"href":"https:\/\/latinhg.com\/es\/wp-json\/wp\/v2\/product"}],"about":[{"href":"https:\/\/latinhg.com\/es\/wp-json\/wp\/v2\/types\/product"}],"wp:featuredmedia":[{"embeddable":true,"href":"https:\/\/latinhg.com\/es\/wp-json\/wp\/v2\/media\/544"}],"wp:attachment":[{"href":"https:\/\/latinhg.com\/es\/wp-json\/wp\/v2\/media?parent=542"}],"wp:term":[{"taxonomy":"pwb-brand","embeddable":true,"href":"https:\/\/latinhg.com\/es\/wp-json\/wp\/v2\/pwb-brand?post=542"},{"taxonomy":"product_brand","embeddable":true,"href":"https:\/\/latinhg.com\/es\/wp-json\/wp\/v2\/product_brand?post=542"},{"taxonomy":"product_cat","embeddable":true,"href":"https:\/\/latinhg.com\/es\/wp-json\/wp\/v2\/product_cat?post=542"},{"taxonomy":"product_tag","embeddable":true,"href":"https:\/\/latinhg.com\/es\/wp-json\/wp\/v2\/product_tag?post=542"}],"curies":[{"name":"wp","href":"https:\/\/api.w.org\/{rel}","templated":true}]}}