{"id":536,"date":"2025-08-11T16:26:15","date_gmt":"2025-08-11T16:26:15","guid":{"rendered":"https:\/\/latinhg.com\/?post_type=product&#038;p=536"},"modified":"2025-09-26T04:54:36","modified_gmt":"2025-09-26T04:54:36","slug":"calentador-de-opticas","status":"publish","type":"product","link":"https:\/\/latinhg.com\/es\/product\/calentador-de-opticas\/","title":{"rendered":"Calentador de \u00f3pticas"},"content":{"rendered":"<p>El calentador de endoscopio minimiza el empa\u00f1amiento al precalentar el laparoscopio a la temperatura corporal. Este precalentamiento elimina la necesidad de geles o toallitas qu\u00edmicas y reduce la necesidad de limpieza y desempa\u00f1ar repetidas veces el visor.\u00a0De acero inoxidable de grado m\u00e9dico, base para estabilidad en mesa de instrumentaci\u00f3n y sellos de hule que protegen las \u00f3pticas y detienen la p\u00e9rdida de calor.<\/p>\n<p><a href=\"https:\/\/latinhg.com\/wp-content\/uploads\/2025\/08\/calentador_de_opticas_applied.pdf\">PDF &#8211; Calentador de \u00f3pticas<\/a><\/p>\n","protected":false},"excerpt":{"rendered":"<p>El calentador de endoscopio minimiza el empa\u00f1amiento al precalentar el laparoscopio a la temperatura corporal. Este precalentamiento elimina la necesidad de geles o toallitas qu\u00edmicas y reduce la necesidad de limpieza y desempa\u00f1ar repetidas veces el visor.\u00a0De acero inoxidable de grado m\u00e9dico, base para estabilidad en mesa de instrumentaci\u00f3n y sellos de hule que protegen [&hellip;]<\/p>\n","protected":false},"featured_media":538,"template":"","meta":{"_acf_changed":false,"inline_featured_image":false},"pwb-brand":[],"product_brand":[58],"product_cat":[87,57],"product_tag":[],"class_list":{"0":"post-536","1":"product","2":"type-product","3":"status-publish","4":"has-post-thumbnail","6":"product_brand-applied-medical","7":"product_cat-applied-medical","8":"product_cat-cirugia","10":"first","11":"instock","12":"shipping-taxable","13":"product-type-simple"},"acf":[],"brands":[],"_links":{"self":[{"href":"https:\/\/latinhg.com\/es\/wp-json\/wp\/v2\/product\/536","targetHints":{"allow":["GET"]}}],"collection":[{"href":"https:\/\/latinhg.com\/es\/wp-json\/wp\/v2\/product"}],"about":[{"href":"https:\/\/latinhg.com\/es\/wp-json\/wp\/v2\/types\/product"}],"wp:featuredmedia":[{"embeddable":true,"href":"https:\/\/latinhg.com\/es\/wp-json\/wp\/v2\/media\/538"}],"wp:attachment":[{"href":"https:\/\/latinhg.com\/es\/wp-json\/wp\/v2\/media?parent=536"}],"wp:term":[{"taxonomy":"pwb-brand","embeddable":true,"href":"https:\/\/latinhg.com\/es\/wp-json\/wp\/v2\/pwb-brand?post=536"},{"taxonomy":"product_brand","embeddable":true,"href":"https:\/\/latinhg.com\/es\/wp-json\/wp\/v2\/product_brand?post=536"},{"taxonomy":"product_cat","embeddable":true,"href":"https:\/\/latinhg.com\/es\/wp-json\/wp\/v2\/product_cat?post=536"},{"taxonomy":"product_tag","embeddable":true,"href":"https:\/\/latinhg.com\/es\/wp-json\/wp\/v2\/product_tag?post=536"}],"curies":[{"name":"wp","href":"https:\/\/api.w.org\/{rel}","templated":true}]}}