{"id":533,"date":"2025-08-11T16:23:46","date_gmt":"2025-08-11T16:23:46","guid":{"rendered":"https:\/\/latinhg.com\/?post_type=product&#038;p=533"},"modified":"2025-09-26T04:54:36","modified_gmt":"2025-09-26T04:54:36","slug":"bolsa-de-extraccion-de-especimenes","status":"publish","type":"product","link":"https:\/\/latinhg.com\/es\/product\/bolsa-de-extraccion-de-especimenes\/","title":{"rendered":"Bolsa de extracci\u00f3n de espec\u00edmenes"},"content":{"rendered":"<p>El sistema de extracci\u00f3n contenida Alexis crea un entorno contenido para la extracci\u00f3n de tejido durante la cirug\u00eda m\u00ednimamente invasiva. El sistema de extracci\u00f3n contenida Alexis cuenta con una bolsa de contenci\u00f3n de muestras y un protector para proteger la bolsa de instrumentos afilados. Est\u00e1 disponible en varias configuraciones de kit para admitir t\u00e9cnicas de m\u00faltiples puertos, puertos reducidos y de incisi\u00f3n \u00fanica.<\/p>\n<p>Para usar en tr\u00f3cares desde 5 hasta 15mm, tiene una capacidad desde 180ml hasta 1650ml.<\/p>\n<p><a href=\"https:\/\/latinhg.com\/wp-content\/uploads\/2025\/08\/alexis_sistema_de_extraccion_de_contenidos_applied.pdf\">PDF &#8211; Alexis, Bolsa de extracci\u00f3n de espec\u00edmenes<\/a><\/p>\n","protected":false},"excerpt":{"rendered":"<p>El sistema de extracci\u00f3n contenida Alexis crea un entorno contenido para la extracci\u00f3n de tejido durante la cirug\u00eda m\u00ednimamente invasiva. El sistema de extracci\u00f3n contenida Alexis cuenta con una bolsa de contenci\u00f3n de muestras y un protector para proteger la bolsa de instrumentos afilados. Est\u00e1 disponible en varias configuraciones de kit para admitir t\u00e9cnicas de [&hellip;]<\/p>\n","protected":false},"featured_media":534,"template":"","meta":{"_acf_changed":false,"inline_featured_image":false},"pwb-brand":[],"product_brand":[58],"product_cat":[87,57],"product_tag":[],"class_list":{"0":"post-533","1":"product","2":"type-product","3":"status-publish","4":"has-post-thumbnail","6":"product_brand-applied-medical","7":"product_cat-applied-medical","8":"product_cat-cirugia","10":"first","11":"instock","12":"shipping-taxable","13":"product-type-simple"},"acf":[],"brands":[],"_links":{"self":[{"href":"https:\/\/latinhg.com\/es\/wp-json\/wp\/v2\/product\/533","targetHints":{"allow":["GET"]}}],"collection":[{"href":"https:\/\/latinhg.com\/es\/wp-json\/wp\/v2\/product"}],"about":[{"href":"https:\/\/latinhg.com\/es\/wp-json\/wp\/v2\/types\/product"}],"wp:featuredmedia":[{"embeddable":true,"href":"https:\/\/latinhg.com\/es\/wp-json\/wp\/v2\/media\/534"}],"wp:attachment":[{"href":"https:\/\/latinhg.com\/es\/wp-json\/wp\/v2\/media?parent=533"}],"wp:term":[{"taxonomy":"pwb-brand","embeddable":true,"href":"https:\/\/latinhg.com\/es\/wp-json\/wp\/v2\/pwb-brand?post=533"},{"taxonomy":"product_brand","embeddable":true,"href":"https:\/\/latinhg.com\/es\/wp-json\/wp\/v2\/product_brand?post=533"},{"taxonomy":"product_cat","embeddable":true,"href":"https:\/\/latinhg.com\/es\/wp-json\/wp\/v2\/product_cat?post=533"},{"taxonomy":"product_tag","embeddable":true,"href":"https:\/\/latinhg.com\/es\/wp-json\/wp\/v2\/product_tag?post=533"}],"curies":[{"name":"wp","href":"https:\/\/api.w.org\/{rel}","templated":true}]}}