{"id":528,"date":"2025-08-11T16:11:35","date_gmt":"2025-08-11T16:11:35","guid":{"rendered":"https:\/\/latinhg.com\/?post_type=product&#038;p=528"},"modified":"2025-09-26T04:54:37","modified_gmt":"2025-09-26T04:54:37","slug":"pinza-voyant-fine-fusion","status":"publish","type":"product","link":"https:\/\/latinhg.com\/es\/product\/pinza-voyant-fine-fusion\/","title":{"rendered":"Pinza Voyant Fine Fusion"},"content":{"rendered":"<p>El dispositivo Voyant Fine Fusion sella eficazmente vasos de hasta 7mm de di\u00e1metro y haces de tejido en procedimientos abiertos, incluidos procedimientos de cabeza y cuello, donde el espacio de trabajo es limitado.\u00a0Proporciona energ\u00eda de radiofrecuencia al tejido capturado entre las mordazas y divide el tejido sellado con una cuchilla accionada por el usuario.\u00a0El dispositivo est\u00e1 dise\u00f1ado para su uso en procedimientos que requieren mordazas m\u00e1s finas.<\/p>\n<p><a href=\"https:\/\/latinhg.com\/wp-content\/uploads\/2025\/08\/voyant_applied.pdf\">PDF &#8211; Voyant, Sistema de energ\u00eda inteligente<\/a><\/p>\n","protected":false},"excerpt":{"rendered":"<p>El dispositivo Voyant Fine Fusion sella eficazmente vasos de hasta 7mm de di\u00e1metro y haces de tejido en procedimientos abiertos, incluidos procedimientos de cabeza y cuello, donde el espacio de trabajo es limitado.\u00a0Proporciona energ\u00eda de radiofrecuencia al tejido capturado entre las mordazas y divide el tejido sellado con una cuchilla accionada por el usuario.\u00a0El dispositivo [&hellip;]<\/p>\n","protected":false},"featured_media":529,"template":"","meta":{"_acf_changed":false,"inline_featured_image":false},"pwb-brand":[],"product_brand":[58],"product_cat":[87,57],"product_tag":[],"class_list":{"0":"post-528","1":"product","2":"type-product","3":"status-publish","4":"has-post-thumbnail","6":"product_brand-applied-medical","7":"product_cat-applied-medical","8":"product_cat-cirugia","10":"first","11":"instock","12":"shipping-taxable","13":"product-type-simple"},"acf":[],"brands":[],"_links":{"self":[{"href":"https:\/\/latinhg.com\/es\/wp-json\/wp\/v2\/product\/528","targetHints":{"allow":["GET"]}}],"collection":[{"href":"https:\/\/latinhg.com\/es\/wp-json\/wp\/v2\/product"}],"about":[{"href":"https:\/\/latinhg.com\/es\/wp-json\/wp\/v2\/types\/product"}],"wp:featuredmedia":[{"embeddable":true,"href":"https:\/\/latinhg.com\/es\/wp-json\/wp\/v2\/media\/529"}],"wp:attachment":[{"href":"https:\/\/latinhg.com\/es\/wp-json\/wp\/v2\/media?parent=528"}],"wp:term":[{"taxonomy":"pwb-brand","embeddable":true,"href":"https:\/\/latinhg.com\/es\/wp-json\/wp\/v2\/pwb-brand?post=528"},{"taxonomy":"product_brand","embeddable":true,"href":"https:\/\/latinhg.com\/es\/wp-json\/wp\/v2\/product_brand?post=528"},{"taxonomy":"product_cat","embeddable":true,"href":"https:\/\/latinhg.com\/es\/wp-json\/wp\/v2\/product_cat?post=528"},{"taxonomy":"product_tag","embeddable":true,"href":"https:\/\/latinhg.com\/es\/wp-json\/wp\/v2\/product_tag?post=528"}],"curies":[{"name":"wp","href":"https:\/\/api.w.org\/{rel}","templated":true}]}}