{"id":526,"date":"2025-08-11T16:08:55","date_gmt":"2025-08-11T16:08:55","guid":{"rendered":"https:\/\/latinhg.com\/?post_type=product&#038;p=526"},"modified":"2025-09-26T04:54:37","modified_gmt":"2025-09-26T04:54:37","slug":"pinza-voyant-fusion-de-5mm","status":"publish","type":"product","link":"https:\/\/latinhg.com\/es\/product\/pinza-voyant-fusion-de-5mm\/","title":{"rendered":"Pinza Voyant Fusi\u00f3n de 5mm"},"content":{"rendered":"<p>El dispositivo Voyant 5mm Fusion sella eficazmente vasos de hasta 7mm de di\u00e1metro y haces de tejido en procedimientos laparosc\u00f3picos y abiertos. Proporciona energ\u00eda de radiofrecuencia al tejido capturado entre las mordazas y divide el tejido sellado con una cuchilla accionada por el usuario. El dispositivo est\u00e1 dise\u00f1ado para usarse con trocares de 5mm o m\u00e1s grandes.<\/p>\n<p><a href=\"https:\/\/latinhg.com\/wp-content\/uploads\/2025\/08\/voyant_applied.pdf\">PDF &#8211; Voyant, Sistema de energ\u00eda inteligente<\/a><\/p>\n","protected":false},"excerpt":{"rendered":"<p>El dispositivo Voyant 5mm Fusion sella eficazmente vasos de hasta 7mm de di\u00e1metro y haces de tejido en procedimientos laparosc\u00f3picos y abiertos. Proporciona energ\u00eda de radiofrecuencia al tejido capturado entre las mordazas y divide el tejido sellado con una cuchilla accionada por el usuario. El dispositivo est\u00e1 dise\u00f1ado para usarse con trocares de 5mm o [&hellip;]<\/p>\n","protected":false},"featured_media":524,"template":"","meta":{"_acf_changed":false,"inline_featured_image":false},"pwb-brand":[],"product_brand":[58],"product_cat":[87,57],"product_tag":[],"class_list":{"0":"post-526","1":"product","2":"type-product","3":"status-publish","4":"has-post-thumbnail","6":"product_brand-applied-medical","7":"product_cat-applied-medical","8":"product_cat-cirugia","10":"first","11":"instock","12":"shipping-taxable","13":"product-type-simple"},"acf":[],"brands":[],"_links":{"self":[{"href":"https:\/\/latinhg.com\/es\/wp-json\/wp\/v2\/product\/526","targetHints":{"allow":["GET"]}}],"collection":[{"href":"https:\/\/latinhg.com\/es\/wp-json\/wp\/v2\/product"}],"about":[{"href":"https:\/\/latinhg.com\/es\/wp-json\/wp\/v2\/types\/product"}],"wp:featuredmedia":[{"embeddable":true,"href":"https:\/\/latinhg.com\/es\/wp-json\/wp\/v2\/media\/524"}],"wp:attachment":[{"href":"https:\/\/latinhg.com\/es\/wp-json\/wp\/v2\/media?parent=526"}],"wp:term":[{"taxonomy":"pwb-brand","embeddable":true,"href":"https:\/\/latinhg.com\/es\/wp-json\/wp\/v2\/pwb-brand?post=526"},{"taxonomy":"product_brand","embeddable":true,"href":"https:\/\/latinhg.com\/es\/wp-json\/wp\/v2\/product_brand?post=526"},{"taxonomy":"product_cat","embeddable":true,"href":"https:\/\/latinhg.com\/es\/wp-json\/wp\/v2\/product_cat?post=526"},{"taxonomy":"product_tag","embeddable":true,"href":"https:\/\/latinhg.com\/es\/wp-json\/wp\/v2\/product_tag?post=526"}],"curies":[{"name":"wp","href":"https:\/\/api.w.org\/{rel}","templated":true}]}}