{"id":510,"date":"2025-08-11T15:31:57","date_gmt":"2025-08-11T15:31:57","guid":{"rendered":"https:\/\/latinhg.com\/?post_type=product&#038;p=510"},"modified":"2025-09-26T04:54:39","modified_gmt":"2025-09-26T04:54:39","slug":"instrumentos-laparoscopicos","status":"publish","type":"product","link":"https:\/\/latinhg.com\/es\/product\/instrumentos-laparoscopicos\/","title":{"rendered":"Epix &#8211; Instrumentos Laparosc\u00f3picos"},"content":{"rendered":"<p>Los instrumentos laparosc\u00f3picos Epix se integran naturalmente con la mano del cirujano, brindando un manejo excepcional, control mejorado, comodidad notable y sensaci\u00f3n t\u00e1ctil.<\/p>\n<p><a href=\"https:\/\/latinhg.com\/wp-content\/uploads\/2025\/08\/epix_applied.pdf\">PDF &#8211; Epix Instrumentos Laparosc\u00f3picos<\/a><\/p>\n","protected":false},"excerpt":{"rendered":"<p>Los instrumentos laparosc\u00f3picos Epix se integran naturalmente con la mano del cirujano, brindando un manejo excepcional, control mejorado, comodidad notable y sensaci\u00f3n t\u00e1ctil. PDF &#8211; Epix Instrumentos Laparosc\u00f3picos<\/p>\n","protected":false},"featured_media":511,"template":"","meta":{"_acf_changed":false,"inline_featured_image":false},"pwb-brand":[],"product_brand":[58],"product_cat":[87,57],"product_tag":[],"class_list":{"0":"post-510","1":"product","2":"type-product","3":"status-publish","4":"has-post-thumbnail","6":"product_brand-applied-medical","7":"product_cat-applied-medical","8":"product_cat-cirugia","10":"first","11":"instock","12":"shipping-taxable","13":"product-type-simple"},"acf":[],"brands":[],"_links":{"self":[{"href":"https:\/\/latinhg.com\/es\/wp-json\/wp\/v2\/product\/510","targetHints":{"allow":["GET"]}}],"collection":[{"href":"https:\/\/latinhg.com\/es\/wp-json\/wp\/v2\/product"}],"about":[{"href":"https:\/\/latinhg.com\/es\/wp-json\/wp\/v2\/types\/product"}],"wp:featuredmedia":[{"embeddable":true,"href":"https:\/\/latinhg.com\/es\/wp-json\/wp\/v2\/media\/511"}],"wp:attachment":[{"href":"https:\/\/latinhg.com\/es\/wp-json\/wp\/v2\/media?parent=510"}],"wp:term":[{"taxonomy":"pwb-brand","embeddable":true,"href":"https:\/\/latinhg.com\/es\/wp-json\/wp\/v2\/pwb-brand?post=510"},{"taxonomy":"product_brand","embeddable":true,"href":"https:\/\/latinhg.com\/es\/wp-json\/wp\/v2\/product_brand?post=510"},{"taxonomy":"product_cat","embeddable":true,"href":"https:\/\/latinhg.com\/es\/wp-json\/wp\/v2\/product_cat?post=510"},{"taxonomy":"product_tag","embeddable":true,"href":"https:\/\/latinhg.com\/es\/wp-json\/wp\/v2\/product_tag?post=510"}],"curies":[{"name":"wp","href":"https:\/\/api.w.org\/{rel}","templated":true}]}}