{"id":504,"date":"2025-08-11T15:22:31","date_gmt":"2025-08-11T15:22:31","guid":{"rendered":"https:\/\/latinhg.com\/?post_type=product&#038;p=504"},"modified":"2025-09-26T04:54:39","modified_gmt":"2025-09-26T04:54:39","slug":"gelpoint-v-path-plataforma-de-acceso-transvaginal","status":"publish","type":"product","link":"https:\/\/latinhg.com\/es\/product\/gelpoint-v-path-plataforma-de-acceso-transvaginal\/","title":{"rendered":"GelPoint V Path Plataforma de acceso transvaginal"},"content":{"rendered":"<p>La plataforma de acceso transvaginal GelPOINT V-Path permite el acceso de instrumentos m\u00ednimamente invasivos para realizar procedimientos de cirug\u00eda endosc\u00f3pica transluminal de orificio natural transvaginal.<\/p>\n<p><a href=\"https:\/\/latinhg.com\/wp-content\/uploads\/2025\/08\/gelpoint_v_applied.pdf\">PDF &#8211; GelPoint V Path Plataforma de acceso<\/a><\/p>\n","protected":false},"excerpt":{"rendered":"<p>La plataforma de acceso transvaginal GelPOINT V-Path permite el acceso de instrumentos m\u00ednimamente invasivos para realizar procedimientos de cirug\u00eda endosc\u00f3pica transluminal de orificio natural transvaginal. PDF &#8211; GelPoint V Path Plataforma de acceso<\/p>\n","protected":false},"featured_media":506,"template":"","meta":{"_acf_changed":false,"inline_featured_image":false},"pwb-brand":[],"product_brand":[58],"product_cat":[87,57],"product_tag":[],"class_list":{"0":"post-504","1":"product","2":"type-product","3":"status-publish","4":"has-post-thumbnail","6":"product_brand-applied-medical","7":"product_cat-applied-medical","8":"product_cat-cirugia","10":"first","11":"instock","12":"shipping-taxable","13":"product-type-simple"},"acf":[],"brands":[],"_links":{"self":[{"href":"https:\/\/latinhg.com\/es\/wp-json\/wp\/v2\/product\/504","targetHints":{"allow":["GET"]}}],"collection":[{"href":"https:\/\/latinhg.com\/es\/wp-json\/wp\/v2\/product"}],"about":[{"href":"https:\/\/latinhg.com\/es\/wp-json\/wp\/v2\/types\/product"}],"wp:featuredmedia":[{"embeddable":true,"href":"https:\/\/latinhg.com\/es\/wp-json\/wp\/v2\/media\/506"}],"wp:attachment":[{"href":"https:\/\/latinhg.com\/es\/wp-json\/wp\/v2\/media?parent=504"}],"wp:term":[{"taxonomy":"pwb-brand","embeddable":true,"href":"https:\/\/latinhg.com\/es\/wp-json\/wp\/v2\/pwb-brand?post=504"},{"taxonomy":"product_brand","embeddable":true,"href":"https:\/\/latinhg.com\/es\/wp-json\/wp\/v2\/product_brand?post=504"},{"taxonomy":"product_cat","embeddable":true,"href":"https:\/\/latinhg.com\/es\/wp-json\/wp\/v2\/product_cat?post=504"},{"taxonomy":"product_tag","embeddable":true,"href":"https:\/\/latinhg.com\/es\/wp-json\/wp\/v2\/product_tag?post=504"}],"curies":[{"name":"wp","href":"https:\/\/api.w.org\/{rel}","templated":true}]}}