{"id":499,"date":"2025-08-11T15:15:20","date_gmt":"2025-08-11T15:15:20","guid":{"rendered":"https:\/\/latinhg.com\/?post_type=product&#038;p=499"},"modified":"2025-09-26T04:54:40","modified_gmt":"2025-09-26T04:54:40","slug":"gelpoint-mini","status":"publish","type":"product","link":"https:\/\/latinhg.com\/es\/product\/gelpoint-mini\/","title":{"rendered":"GelPoint Mini"},"content":{"rendered":"<p>La plataforma de acceso avanzado GelPOINT Mini admite m\u00faltiples instrumentos a trav\u00e9s de un sitio de incisi\u00f3n y puede usarse junto con puertos auxiliares o instrumentos percut\u00e1neos para mejorar los resultados m\u00ednimamente invasivos.<\/p>\n<p><a href=\"https:\/\/latinhg.com\/wp-content\/uploads\/2025\/08\/gelpoint_mini_applied.pdf\">PDF &#8211; GelPoint Mini<\/a><\/p>\n","protected":false},"excerpt":{"rendered":"<p>La plataforma de acceso avanzado GelPOINT Mini admite m\u00faltiples instrumentos a trav\u00e9s de un sitio de incisi\u00f3n y puede usarse junto con puertos auxiliares o instrumentos percut\u00e1neos para mejorar los resultados m\u00ednimamente invasivos. PDF &#8211; GelPoint Mini<\/p>\n","protected":false},"featured_media":500,"template":"","meta":{"_acf_changed":false,"inline_featured_image":false},"pwb-brand":[],"product_brand":[58],"product_cat":[87,57],"product_tag":[],"class_list":{"0":"post-499","1":"product","2":"type-product","3":"status-publish","4":"has-post-thumbnail","6":"product_brand-applied-medical","7":"product_cat-applied-medical","8":"product_cat-cirugia","10":"first","11":"instock","12":"shipping-taxable","13":"product-type-simple"},"acf":[],"brands":[],"_links":{"self":[{"href":"https:\/\/latinhg.com\/es\/wp-json\/wp\/v2\/product\/499","targetHints":{"allow":["GET"]}}],"collection":[{"href":"https:\/\/latinhg.com\/es\/wp-json\/wp\/v2\/product"}],"about":[{"href":"https:\/\/latinhg.com\/es\/wp-json\/wp\/v2\/types\/product"}],"wp:featuredmedia":[{"embeddable":true,"href":"https:\/\/latinhg.com\/es\/wp-json\/wp\/v2\/media\/500"}],"wp:attachment":[{"href":"https:\/\/latinhg.com\/es\/wp-json\/wp\/v2\/media?parent=499"}],"wp:term":[{"taxonomy":"pwb-brand","embeddable":true,"href":"https:\/\/latinhg.com\/es\/wp-json\/wp\/v2\/pwb-brand?post=499"},{"taxonomy":"product_brand","embeddable":true,"href":"https:\/\/latinhg.com\/es\/wp-json\/wp\/v2\/product_brand?post=499"},{"taxonomy":"product_cat","embeddable":true,"href":"https:\/\/latinhg.com\/es\/wp-json\/wp\/v2\/product_cat?post=499"},{"taxonomy":"product_tag","embeddable":true,"href":"https:\/\/latinhg.com\/es\/wp-json\/wp\/v2\/product_tag?post=499"}],"curies":[{"name":"wp","href":"https:\/\/api.w.org\/{rel}","templated":true}]}}